{"id":5810,"date":"2026-01-17T21:21:06","date_gmt":"2026-01-17T20:21:06","guid":{"rendered":"https:\/\/mydelka.dnsite.pl\/?page_id=5810"},"modified":"2026-01-21T22:27:12","modified_gmt":"2026-01-21T21:27:12","slug":"our-soaps","status":"publish","type":"page","link":"https:\/\/mydelka.dnsite.pl\/en\/our-soaps\/","title":{"rendered":"OUR SOAPS"},"content":{"rendered":"\t\t<div data-elementor-type=\"wp-page\" data-elementor-id=\"5810\" class=\"elementor elementor-5810 elementor-5572\">\n\t\t\t\t\t\t<section class=\"elementor-section elementor-top-section elementor-element elementor-element-6a460ab elementor-section-stretched elementor-section-boxed elementor-section-height-default elementor-section-height-default\" data-id=\"6a460ab\" data-element_type=\"section\" data-e-type=\"section\" data-settings=\"{&quot;stretch_section&quot;:&quot;section-stretched&quot;}\">\n\t\t\t\t\t\t<div class=\"elementor-container elementor-column-gap-default\">\n\t\t\t\t\t<div class=\"elementor-column elementor-col-100 elementor-top-column elementor-element elementor-element-a2f2e11\" data-id=\"a2f2e11\" data-element_type=\"column\" data-e-type=\"column\">\n\t\t\t<div class=\"elementor-widget-wrap elementor-element-populated\">\n\t\t\t\t\t\t<div class=\"elementor-element elementor-element-3d165e7 elementor-widget elementor-widget-text-editor\" data-id=\"3d165e7\" data-element_type=\"widget\" data-e-type=\"widget\" data-widget_type=\"text-editor.default\">\n\t\t\t\t<div class=\"elementor-widget-container\">\n\t\t\t\t\t\t\t\t\t<p class=\"p1\">Discover all our soaps for yourself and find the perfect one for your skin!<\/p>\t\t\t\t\t\t\t\t<\/div>\n\t\t\t\t<\/div>\n\t\t\t\t<div class=\"elementor-element elementor-element-b4e4aea elementor-widget elementor-widget-ube-g5-products\" data-id=\"b4e4aea\" data-element_type=\"widget\" data-e-type=\"widget\" data-widget_type=\"ube-g5-products.default\">\n\t\t\t\t<div class=\"elementor-widget-container\">\n\t\t\t\t\t\t<div class=\"ube__products woocommerce\">\n\t\t<div data-items-wrapper=\"69f1548c0cc7d\" class=\"g5shop__listing-wrap g5shop__layout-grid\">\n        <div data-items-container class=\"g5shop__listing-inner row g5core__gutter-30\">\n\n<article class=\"g5core__gutter-item g5shop__product-item g5shop__product-action-style-01 g5shop__product-skin-02 g5shop__product-item-1 col-xl-3 col-lg-3 col-md-4 col-sm-6 col-6 g5shop__post-skin-classic product type-product post-6263 status-publish first instock product_cat-our-soaps has-post-thumbnail shipping-taxable purchasable product-type-simple\">\n    <div  class=\"g5core__post-item-inner g5shop__product-item-inner clearfix \">\n        \n        <div class=\"g5core__post-featured g5shop__product-featured\">\n            <div class=\"g5shop__product-thumbnail g5shop__product-images-hover change-image\">\n    <div class=\"g5shop__product-thumb-primary\">\n        \t    <div class=\"g5core__entry-thumbnail\">\n\t\t    <span class=\"g5core__lazy-image\" style=\"--g5-lazy-image-width: 400px;--g5-lazy-image-height: 133.25%;\"><img fetchpriority=\"high\" decoding=\"async\"  alt=\"Szampon w kostce Mleczna Grzywa\" width=\"400\" height=\"533\" src=\"https:\/\/mydelka.dnsite.pl\/wp-content\/plugins\/g5-core\/assets\/images\/placeholder-transparent.png\" class=\"g5core__ll-image\" data-src=\"https:\/\/mydelka.dnsite.pl\/wp-content\/uploads\/2026\/03\/mydlazmlekaklaczy_mleczna_grzywa_1-400x533.jpg\"><\/span>\t    <\/div>\n            <\/div>\n    <div class=\"g5shop__product-thumb-secondary\">\n        \t    <div class=\"g5core__entry-thumbnail\">\n\t\t    <span class=\"g5core__lazy-image\" style=\"--g5-lazy-image-width: 400px;--g5-lazy-image-height: 133.25%;\"><img decoding=\"async\"  alt=\"Szampon w kostce Mleczna Grzywa\" width=\"400\" height=\"533\" src=\"https:\/\/mydelka.dnsite.pl\/wp-content\/plugins\/g5-core\/assets\/images\/placeholder-transparent.png\" class=\"g5core__ll-image\" data-src=\"https:\/\/mydelka.dnsite.pl\/wp-content\/uploads\/2026\/03\/mydlazmlekaklaczy_mleczna_grzywa_2-400x533.jpg\"><\/span>\t    <\/div>\n            <\/div>\n<\/div>\n<div class=\"g5shop__loop-product-flash\">\n    <\/div>\n<div class=\"g5shop__product-actions g5core__tooltip-wrap\" data-tooltip-options=\"{&quot;placement&quot;:&quot;left&quot;}\">\n\t<div class=\"g5shop__add-to-cart\" data-toggle=\"tooltip\" title=\"Add to cart\">\n    <a href=\"\/en\/wp-json\/wp\/v2\/pages\/5810?add-to-cart=6263\" aria-describedby=\"woocommerce_loop_add_to_cart_link_describedby_6263\" data-quantity=\"1\" class=\"product_type_simple add_to_cart_button ajax_add_to_cart\" data-product_id=\"6263\" data-product_sku=\"\" aria-label=\"Add to cart: &ldquo;Milky Mane Shampoo Bar\u2028&rdquo;\" rel=\"nofollow\" data-success_message=\"&ldquo;Milky Mane Shampoo Bar\u2028&rdquo; has been added to your cart\" role=\"button\">Add to cart<\/a>\t<span id=\"woocommerce_loop_add_to_cart_link_describedby_6263\" class=\"screen-reader-text\">\n\t\t\t<\/span>\n<\/div>\n<\/div>\n            <a href=\"https:\/\/mydelka.dnsite.pl\/en\/our-soaps\/milky-mane-shampoo-bar\/\" title=\"Milky Mane Shampoo Bar\u2028\" class=\"g5shop_loop-product-link\"><\/a>\n        <\/div>\n\n        <div class=\"g5shop__product-info text-center\">\n            \n\t<span class=\"price\"><span class=\"woocommerce-Price-amount amount\"><bdi>65.00<span class=\"woocommerce-Price-currencySymbol\">&#122;&#322;<\/span><\/bdi><\/span><\/span>\n<h2 class=\"g5shop__loop-product-title\"><a class=\"g5core__link\" href=\"https:\/\/mydelka.dnsite.pl\/en\/our-soaps\/milky-mane-shampoo-bar\/\" title=\"Milky Mane Shampoo Bar\u2028\">Milky Mane Shampoo Bar\u2028<\/a><\/h2>\n        <\/div>\n\n            <\/div>\n<\/article>\n<article class=\"g5core__gutter-item g5shop__product-item g5shop__product-action-style-01 g5shop__product-skin-02 g5shop__product-item-2 col-xl-3 col-lg-3 col-md-4 col-sm-6 col-6 g5shop__post-skin-classic product type-product post-5796 status-publish instock product_cat-our-soaps has-post-thumbnail shipping-taxable purchasable product-type-simple\">\n    <div  class=\"g5core__post-item-inner g5shop__product-item-inner clearfix \">\n        \n        <div class=\"g5core__post-featured g5shop__product-featured\">\n            <div class=\"g5shop__product-thumbnail\">\n    \t    <div class=\"g5core__entry-thumbnail\">\n\t\t    <span class=\"g5core__lazy-image\" style=\"--g5-lazy-image-width: 400px;--g5-lazy-image-height: 133.25%;\"><img decoding=\"async\"  alt=\"Mydlo z mleka klaczy dr Polak w opakowaniu - prezentacja produktu\" width=\"400\" height=\"533\" src=\"https:\/\/mydelka.dnsite.pl\/wp-content\/plugins\/g5-core\/assets\/images\/placeholder-transparent.png\" class=\"g5core__ll-image\" data-src=\"https:\/\/mydelka.dnsite.pl\/wp-content\/uploads\/2026\/01\/mydlazmlekaklaczy_drPolak_1-400x533.jpg\"><\/span>\t    <\/div>\n        <\/div>\n<div class=\"g5shop__loop-product-flash\">\n    <\/div>\n<div class=\"g5shop__product-actions g5core__tooltip-wrap\" data-tooltip-options=\"{&quot;placement&quot;:&quot;left&quot;}\">\n\t<div class=\"g5shop__add-to-cart\" data-toggle=\"tooltip\" title=\"Add to cart\">\n    <a href=\"\/en\/wp-json\/wp\/v2\/pages\/5810?add-to-cart=5796\" aria-describedby=\"woocommerce_loop_add_to_cart_link_describedby_5796\" data-quantity=\"1\" class=\"product_type_simple add_to_cart_button ajax_add_to_cart\" data-product_id=\"5796\" data-product_sku=\"\" aria-label=\"Add to cart: &ldquo;Dr Polak Soap&rdquo;\" rel=\"nofollow\" data-success_message=\"&ldquo;Dr Polak Soap&rdquo; has been added to your cart\" role=\"button\">Add to cart<\/a>\t<span id=\"woocommerce_loop_add_to_cart_link_describedby_5796\" class=\"screen-reader-text\">\n\t\t\t<\/span>\n<\/div>\n<\/div>\n            <a href=\"https:\/\/mydelka.dnsite.pl\/en\/our-soaps\/dr-polak-soap\/\" title=\"Dr Polak Soap\" class=\"g5shop_loop-product-link\"><\/a>\n        <\/div>\n\n        <div class=\"g5shop__product-info text-center\">\n            \n\t<span class=\"price\"><span class=\"woocommerce-Price-amount amount\"><bdi>55.00<span class=\"woocommerce-Price-currencySymbol\">&#122;&#322;<\/span><\/bdi><\/span><\/span>\n<h2 class=\"g5shop__loop-product-title\"><a class=\"g5core__link\" href=\"https:\/\/mydelka.dnsite.pl\/en\/our-soaps\/dr-polak-soap\/\" title=\"Dr Polak Soap\">Dr Polak Soap<\/a><\/h2>\n        <\/div>\n\n            <\/div>\n<\/article>\n<article class=\"g5core__gutter-item g5shop__product-item g5shop__product-action-style-01 g5shop__product-skin-02 g5shop__product-item-3 col-xl-3 col-lg-3 col-md-4 col-sm-6 col-6 g5shop__post-skin-classic product type-product post-5816 status-publish instock product_cat-our-soaps has-post-thumbnail shipping-taxable purchasable product-type-simple\">\n    <div  class=\"g5core__post-item-inner g5shop__product-item-inner clearfix \">\n        \n        <div class=\"g5core__post-featured g5shop__product-featured\">\n            <div class=\"g5shop__product-thumbnail\">\n    \t    <div class=\"g5core__entry-thumbnail\">\n\t\t    <span class=\"g5core__lazy-image\" style=\"--g5-lazy-image-width: 400px;--g5-lazy-image-height: 133.25%;\"><img loading=\"lazy\" decoding=\"async\"  alt=\"Mydlo z mleka klaczy Pony w opakowaniu - prezentacja produktu\" width=\"400\" height=\"533\" src=\"https:\/\/mydelka.dnsite.pl\/wp-content\/plugins\/g5-core\/assets\/images\/placeholder-transparent.png\" class=\"g5core__ll-image\" data-src=\"https:\/\/mydelka.dnsite.pl\/wp-content\/uploads\/2026\/01\/mydlazmlekaklaczy_Pony_1-400x533.jpg\"><\/span>\t    <\/div>\n        <\/div>\n<div class=\"g5shop__loop-product-flash\">\n    <\/div>\n<div class=\"g5shop__product-actions g5core__tooltip-wrap\" data-tooltip-options=\"{&quot;placement&quot;:&quot;left&quot;}\">\n\t<div class=\"g5shop__add-to-cart\" data-toggle=\"tooltip\" title=\"Add to cart\">\n    <a href=\"\/en\/wp-json\/wp\/v2\/pages\/5810?add-to-cart=5816\" aria-describedby=\"woocommerce_loop_add_to_cart_link_describedby_5816\" data-quantity=\"1\" class=\"product_type_simple add_to_cart_button ajax_add_to_cart\" data-product_id=\"5816\" data-product_sku=\"\" aria-label=\"Add to cart: &ldquo;Pony Soap for children&rdquo;\" rel=\"nofollow\" data-success_message=\"&ldquo;Pony Soap for children&rdquo; has been added to your cart\" role=\"button\">Add to cart<\/a>\t<span id=\"woocommerce_loop_add_to_cart_link_describedby_5816\" class=\"screen-reader-text\">\n\t\t\t<\/span>\n<\/div>\n<\/div>\n            <a href=\"https:\/\/mydelka.dnsite.pl\/en\/our-soaps\/pony-soap-for-children\/\" title=\"Pony Soap for children\" class=\"g5shop_loop-product-link\"><\/a>\n        <\/div>\n\n        <div class=\"g5shop__product-info text-center\">\n            \n\t<span class=\"price\"><span class=\"woocommerce-Price-amount amount\"><bdi>55.00<span class=\"woocommerce-Price-currencySymbol\">&#122;&#322;<\/span><\/bdi><\/span><\/span>\n<h2 class=\"g5shop__loop-product-title\"><a class=\"g5core__link\" href=\"https:\/\/mydelka.dnsite.pl\/en\/our-soaps\/pony-soap-for-children\/\" title=\"Pony Soap for children\">Pony Soap for children<\/a><\/h2>\n        <\/div>\n\n            <\/div>\n<\/article>\n<article class=\"g5core__gutter-item g5shop__product-item g5shop__product-action-style-01 g5shop__product-skin-02 g5shop__product-item-4 col-xl-3 col-lg-3 col-md-4 col-sm-6 col-6 g5shop__post-skin-classic product type-product post-5822 status-publish last instock product_cat-our-soaps has-post-thumbnail shipping-taxable purchasable product-type-simple\">\n    <div  class=\"g5core__post-item-inner g5shop__product-item-inner clearfix \">\n        \n        <div class=\"g5core__post-featured g5shop__product-featured\">\n            <div class=\"g5shop__product-thumbnail\">\n    \t    <div class=\"g5core__entry-thumbnail\">\n\t\t    <span class=\"g5core__lazy-image\" style=\"--g5-lazy-image-width: 400px;--g5-lazy-image-height: 133.25%;\"><img loading=\"lazy\" decoding=\"async\"  alt=\"Mydlo z mleka klaczy Dzika Dolina w opakowaniu - prezentacja produktu\" width=\"400\" height=\"533\" src=\"https:\/\/mydelka.dnsite.pl\/wp-content\/plugins\/g5-core\/assets\/images\/placeholder-transparent.png\" class=\"g5core__ll-image\" data-src=\"https:\/\/mydelka.dnsite.pl\/wp-content\/uploads\/2026\/01\/mydlazmlekaklaczy_DzikaDolina_1-400x533.jpg\"><\/span>\t    <\/div>\n        <\/div>\n<div class=\"g5shop__loop-product-flash\">\n    <\/div>\n<div class=\"g5shop__product-actions g5core__tooltip-wrap\" data-tooltip-options=\"{&quot;placement&quot;:&quot;left&quot;}\">\n\t<div class=\"g5shop__add-to-cart\" data-toggle=\"tooltip\" title=\"Add to cart\">\n    <a href=\"\/en\/wp-json\/wp\/v2\/pages\/5810?add-to-cart=5822\" aria-describedby=\"woocommerce_loop_add_to_cart_link_describedby_5822\" data-quantity=\"1\" class=\"product_type_simple add_to_cart_button ajax_add_to_cart\" data-product_id=\"5822\" data-product_sku=\"\" aria-label=\"Add to cart: &ldquo;Wild Valley Mud Soap&rdquo;\" rel=\"nofollow\" data-success_message=\"&ldquo;Wild Valley Mud Soap&rdquo; has been added to your cart\" role=\"button\">Add to cart<\/a>\t<span id=\"woocommerce_loop_add_to_cart_link_describedby_5822\" class=\"screen-reader-text\">\n\t\t\t<\/span>\n<\/div>\n<\/div>\n            <a href=\"https:\/\/mydelka.dnsite.pl\/en\/our-soaps\/wild-valley-mud-soap\/\" title=\"Wild Valley Mud Soap\" class=\"g5shop_loop-product-link\"><\/a>\n        <\/div>\n\n        <div class=\"g5shop__product-info text-center\">\n            \n\t<span class=\"price\"><span class=\"woocommerce-Price-amount amount\"><bdi>55.00<span class=\"woocommerce-Price-currencySymbol\">&#122;&#322;<\/span><\/bdi><\/span><\/span>\n<h2 class=\"g5shop__loop-product-title\"><a class=\"g5core__link\" href=\"https:\/\/mydelka.dnsite.pl\/en\/our-soaps\/wild-valley-mud-soap\/\" title=\"Wild Valley Mud Soap\">Wild Valley Mud Soap<\/a><\/h2>\n        <\/div>\n\n            <\/div>\n<\/article>\n<article class=\"g5core__gutter-item g5shop__product-item g5shop__product-action-style-01 g5shop__product-skin-02 g5shop__product-item-5 col-xl-3 col-lg-3 col-md-4 col-sm-6 col-6 g5shop__post-skin-classic product type-product post-5826 status-publish first instock product_cat-our-soaps has-post-thumbnail shipping-taxable purchasable product-type-simple\">\n    <div  class=\"g5core__post-item-inner g5shop__product-item-inner clearfix \">\n        \n        <div class=\"g5core__post-featured g5shop__product-featured\">\n            <div class=\"g5shop__product-thumbnail\">\n    \t    <div class=\"g5core__entry-thumbnail\">\n\t\t    <span class=\"g5core__lazy-image\" style=\"--g5-lazy-image-width: 400px;--g5-lazy-image-height: 133.25%;\"><img loading=\"lazy\" decoding=\"async\"  alt=\"Mydlo z mleka klaczy Zapomnienie w opakowaniu - prezentacja produktu\" width=\"400\" height=\"533\" src=\"https:\/\/mydelka.dnsite.pl\/wp-content\/plugins\/g5-core\/assets\/images\/placeholder-transparent.png\" class=\"g5core__ll-image\" data-src=\"https:\/\/mydelka.dnsite.pl\/wp-content\/uploads\/2026\/01\/mydlazmlekaklaczy_Zapomnienie_1-400x533.jpg\"><\/span>\t    <\/div>\n        <\/div>\n<div class=\"g5shop__loop-product-flash\">\n    <\/div>\n<div class=\"g5shop__product-actions g5core__tooltip-wrap\" data-tooltip-options=\"{&quot;placement&quot;:&quot;left&quot;}\">\n\t<div class=\"g5shop__add-to-cart\" data-toggle=\"tooltip\" title=\"Add to cart\">\n    <a href=\"\/en\/wp-json\/wp\/v2\/pages\/5810?add-to-cart=5826\" aria-describedby=\"woocommerce_loop_add_to_cart_link_describedby_5826\" data-quantity=\"1\" class=\"product_type_simple add_to_cart_button ajax_add_to_cart\" data-product_id=\"5826\" data-product_sku=\"\" aria-label=\"Add to cart: &ldquo;The Forgetting Soap&rdquo;\" rel=\"nofollow\" data-success_message=\"&ldquo;The Forgetting Soap&rdquo; has been added to your cart\" role=\"button\">Add to cart<\/a>\t<span id=\"woocommerce_loop_add_to_cart_link_describedby_5826\" class=\"screen-reader-text\">\n\t\t\t<\/span>\n<\/div>\n<\/div>\n            <a href=\"https:\/\/mydelka.dnsite.pl\/en\/our-soaps\/the-forgetting-soap\/\" title=\"The Forgetting Soap\" class=\"g5shop_loop-product-link\"><\/a>\n        <\/div>\n\n        <div class=\"g5shop__product-info text-center\">\n            \n\t<span class=\"price\"><span class=\"woocommerce-Price-amount amount\"><bdi>55.00<span class=\"woocommerce-Price-currencySymbol\">&#122;&#322;<\/span><\/bdi><\/span><\/span>\n<h2 class=\"g5shop__loop-product-title\"><a class=\"g5core__link\" href=\"https:\/\/mydelka.dnsite.pl\/en\/our-soaps\/the-forgetting-soap\/\" title=\"The Forgetting Soap\">The Forgetting Soap<\/a><\/h2>\n        <\/div>\n\n            <\/div>\n<\/article>\n<article class=\"g5core__gutter-item g5shop__product-item g5shop__product-action-style-01 g5shop__product-skin-02 g5shop__product-item-6 col-xl-3 col-lg-3 col-md-4 col-sm-6 col-6 g5shop__post-skin-classic product type-product post-5830 status-publish instock product_cat-our-soaps has-post-thumbnail shipping-taxable purchasable product-type-simple\">\n    <div  class=\"g5core__post-item-inner g5shop__product-item-inner clearfix \">\n        \n        <div class=\"g5core__post-featured g5shop__product-featured\">\n            <div class=\"g5shop__product-thumbnail\">\n    \t    <div class=\"g5core__entry-thumbnail\">\n\t\t    <span class=\"g5core__lazy-image\" style=\"--g5-lazy-image-width: 400px;--g5-lazy-image-height: 133.25%;\"><img loading=\"lazy\" decoding=\"async\"  alt=\"Mydlo z mleka klaczy Ihaha w opakowaniu - prezentacja produktu\" width=\"400\" height=\"533\" src=\"https:\/\/mydelka.dnsite.pl\/wp-content\/plugins\/g5-core\/assets\/images\/placeholder-transparent.png\" class=\"g5core__ll-image\" data-src=\"https:\/\/mydelka.dnsite.pl\/wp-content\/uploads\/2026\/01\/mydlazmlekaklaczy_Ihaha_1-400x533.jpg\"><\/span>\t    <\/div>\n        <\/div>\n<div class=\"g5shop__loop-product-flash\">\n    <\/div>\n<div class=\"g5shop__product-actions g5core__tooltip-wrap\" data-tooltip-options=\"{&quot;placement&quot;:&quot;left&quot;}\">\n\t<div class=\"g5shop__add-to-cart\" data-toggle=\"tooltip\" title=\"Add to cart\">\n    <a href=\"\/en\/wp-json\/wp\/v2\/pages\/5810?add-to-cart=5830\" aria-describedby=\"woocommerce_loop_add_to_cart_link_describedby_5830\" data-quantity=\"1\" class=\"product_type_simple add_to_cart_button ajax_add_to_cart\" data-product_id=\"5830\" data-product_sku=\"\" aria-label=\"Add to cart: &ldquo;Birch Tar Soap I Ha Ha&rdquo;\" rel=\"nofollow\" data-success_message=\"&ldquo;Birch Tar Soap I Ha Ha&rdquo; has been added to your cart\" role=\"button\">Add to cart<\/a>\t<span id=\"woocommerce_loop_add_to_cart_link_describedby_5830\" class=\"screen-reader-text\">\n\t\t\t<\/span>\n<\/div>\n<\/div>\n            <a href=\"https:\/\/mydelka.dnsite.pl\/en\/our-soaps\/birch-tar-soap-i-ha-ha\/\" title=\"Birch Tar Soap I Ha Ha\" class=\"g5shop_loop-product-link\"><\/a>\n        <\/div>\n\n        <div class=\"g5shop__product-info text-center\">\n            \n\t<span class=\"price\"><span class=\"woocommerce-Price-amount amount\"><bdi>55.00<span class=\"woocommerce-Price-currencySymbol\">&#122;&#322;<\/span><\/bdi><\/span><\/span>\n<h2 class=\"g5shop__loop-product-title\"><a class=\"g5core__link\" href=\"https:\/\/mydelka.dnsite.pl\/en\/our-soaps\/birch-tar-soap-i-ha-ha\/\" title=\"Birch Tar Soap I Ha Ha\">Birch Tar Soap I Ha Ha<\/a><\/h2>\n        <\/div>\n\n            <\/div>\n<\/article>\n<article class=\"g5core__gutter-item g5shop__product-item g5shop__product-action-style-01 g5shop__product-skin-02 g5shop__product-item-7 col-xl-3 col-lg-3 col-md-4 col-sm-6 col-6 g5shop__post-skin-classic product type-product post-5835 status-publish instock product_cat-our-soaps has-post-thumbnail shipping-taxable purchasable product-type-simple\">\n    <div  class=\"g5core__post-item-inner g5shop__product-item-inner clearfix \">\n        \n        <div class=\"g5core__post-featured g5shop__product-featured\">\n            <div class=\"g5shop__product-thumbnail\">\n    \t    <div class=\"g5core__entry-thumbnail\">\n\t\t    <span class=\"g5core__lazy-image\" style=\"--g5-lazy-image-width: 400px;--g5-lazy-image-height: 133.25%;\"><img loading=\"lazy\" decoding=\"async\"  alt=\"Mydlo z mleka klaczy Horse w opakowaniu - prezentacja produktu\" width=\"400\" height=\"533\" src=\"https:\/\/mydelka.dnsite.pl\/wp-content\/plugins\/g5-core\/assets\/images\/placeholder-transparent.png\" class=\"g5core__ll-image\" data-src=\"https:\/\/mydelka.dnsite.pl\/wp-content\/uploads\/2026\/01\/mydlazmlekaklaczy_Horse_1-400x533.jpg\"><\/span>\t    <\/div>\n        <\/div>\n<div class=\"g5shop__loop-product-flash\">\n    <\/div>\n<div class=\"g5shop__product-actions g5core__tooltip-wrap\" data-tooltip-options=\"{&quot;placement&quot;:&quot;left&quot;}\">\n\t<div class=\"g5shop__add-to-cart\" data-toggle=\"tooltip\" title=\"Add to cart\">\n    <a href=\"\/en\/wp-json\/wp\/v2\/pages\/5810?add-to-cart=5835\" aria-describedby=\"woocommerce_loop_add_to_cart_link_describedby_5835\" data-quantity=\"1\" class=\"product_type_simple add_to_cart_button ajax_add_to_cart\" data-product_id=\"5835\" data-product_sku=\"\" aria-label=\"Add to cart: &ldquo;Horse Soap&rdquo;\" rel=\"nofollow\" data-success_message=\"&ldquo;Horse Soap&rdquo; has been added to your cart\" role=\"button\">Add to cart<\/a>\t<span id=\"woocommerce_loop_add_to_cart_link_describedby_5835\" class=\"screen-reader-text\">\n\t\t\t<\/span>\n<\/div>\n<\/div>\n            <a href=\"https:\/\/mydelka.dnsite.pl\/en\/our-soaps\/horse-soap\/\" title=\"Horse Soap\" class=\"g5shop_loop-product-link\"><\/a>\n        <\/div>\n\n        <div class=\"g5shop__product-info text-center\">\n            \n\t<span class=\"price\"><span class=\"woocommerce-Price-amount amount\"><bdi>55.00<span class=\"woocommerce-Price-currencySymbol\">&#122;&#322;<\/span><\/bdi><\/span><\/span>\n<h2 class=\"g5shop__loop-product-title\"><a class=\"g5core__link\" href=\"https:\/\/mydelka.dnsite.pl\/en\/our-soaps\/horse-soap\/\" title=\"Horse Soap\">Horse Soap<\/a><\/h2>\n        <\/div>\n\n            <\/div>\n<\/article>\n<article class=\"g5core__gutter-item g5shop__product-item g5shop__product-action-style-01 g5shop__product-skin-02 g5shop__product-item-8 col-xl-3 col-lg-3 col-md-4 col-sm-6 col-6 g5shop__post-skin-classic product type-product post-5840 status-publish last instock product_cat-our-soaps has-post-thumbnail shipping-taxable purchasable product-type-simple\">\n    <div  class=\"g5core__post-item-inner g5shop__product-item-inner clearfix \">\n        \n        <div class=\"g5core__post-featured g5shop__product-featured\">\n            <div class=\"g5shop__product-thumbnail\">\n    \t    <div class=\"g5core__entry-thumbnail\">\n\t\t    <span class=\"g5core__lazy-image\" style=\"--g5-lazy-image-width: 400px;--g5-lazy-image-height: 133.25%;\"><img loading=\"lazy\" decoding=\"async\"  alt=\"Mydlo z mleka klaczy Mustang w opakowaniu - prezentacja produktu\" width=\"400\" height=\"533\" src=\"https:\/\/mydelka.dnsite.pl\/wp-content\/plugins\/g5-core\/assets\/images\/placeholder-transparent.png\" class=\"g5core__ll-image\" data-src=\"https:\/\/mydelka.dnsite.pl\/wp-content\/uploads\/2026\/01\/mydlazmlekaklaczy_Mustang_1-400x533.jpg\"><\/span>\t    <\/div>\n        <\/div>\n<div class=\"g5shop__loop-product-flash\">\n    <\/div>\n<div class=\"g5shop__product-actions g5core__tooltip-wrap\" data-tooltip-options=\"{&quot;placement&quot;:&quot;left&quot;}\">\n\t<div class=\"g5shop__add-to-cart\" data-toggle=\"tooltip\" title=\"Add to cart\">\n    <a href=\"\/en\/wp-json\/wp\/v2\/pages\/5810?add-to-cart=5840\" aria-describedby=\"woocommerce_loop_add_to_cart_link_describedby_5840\" data-quantity=\"1\" class=\"product_type_simple add_to_cart_button ajax_add_to_cart\" data-product_id=\"5840\" data-product_sku=\"\" aria-label=\"Add to cart: &ldquo;Mustang Shaving Soap&rdquo;\" rel=\"nofollow\" data-success_message=\"&ldquo;Mustang Shaving Soap&rdquo; has been added to your cart\" role=\"button\">Add to cart<\/a>\t<span id=\"woocommerce_loop_add_to_cart_link_describedby_5840\" class=\"screen-reader-text\">\n\t\t\t<\/span>\n<\/div>\n<\/div>\n            <a href=\"https:\/\/mydelka.dnsite.pl\/en\/our-soaps\/mustang-shaving-soap\/\" title=\"Mustang Shaving Soap\" class=\"g5shop_loop-product-link\"><\/a>\n        <\/div>\n\n        <div class=\"g5shop__product-info text-center\">\n            \n\t<span class=\"price\"><span class=\"woocommerce-Price-amount amount\"><bdi>55.00<span class=\"woocommerce-Price-currencySymbol\">&#122;&#322;<\/span><\/bdi><\/span><\/span>\n<h2 class=\"g5shop__loop-product-title\"><a class=\"g5core__link\" href=\"https:\/\/mydelka.dnsite.pl\/en\/our-soaps\/mustang-shaving-soap\/\" title=\"Mustang Shaving Soap\">Mustang Shaving Soap<\/a><\/h2>\n        <\/div>\n\n            <\/div>\n<\/article>\n<\/div>\n<\/div>\t<\/div>\n\t\t\t\t<\/div>\n\t\t\t\t<\/div>\n\t\t\t\t\t<\/div>\n\t\t<\/div>\n\t\t\t\t\t<\/div>\n\t\t<\/section>\n\t\t\t\t<\/div>\n\t\t","protected":false},"excerpt":{"rendered":"<p>Discover all our soaps for yourself and find the perfect one for your skin! Myd\u0142o dr Polak Myd\u0142o Pony dla dzieci Myd\u0142o Borowina z Dzikiej Doliny Myd\u0142o Zapomnienie Myd\u0142o dziegciowe I Ha Ha Myd\u0142o Horse Myd\u0142o Mustang do golenia<\/p>\n","protected":false},"author":1,"featured_media":0,"parent":0,"menu_order":0,"comment_status":"closed","ping_status":"closed","template":"","meta":{"_acf_changed":false,"footnotes":""},"class_list":["post-5810","page","type-page","status-publish","hentry"],"acf":[],"_links":{"self":[{"href":"https:\/\/mydelka.dnsite.pl\/en\/wp-json\/wp\/v2\/pages\/5810","targetHints":{"allow":["GET"]}}],"collection":[{"href":"https:\/\/mydelka.dnsite.pl\/en\/wp-json\/wp\/v2\/pages"}],"about":[{"href":"https:\/\/mydelka.dnsite.pl\/en\/wp-json\/wp\/v2\/types\/page"}],"author":[{"embeddable":true,"href":"https:\/\/mydelka.dnsite.pl\/en\/wp-json\/wp\/v2\/users\/1"}],"replies":[{"embeddable":true,"href":"https:\/\/mydelka.dnsite.pl\/en\/wp-json\/wp\/v2\/comments?post=5810"}],"version-history":[{"count":11,"href":"https:\/\/mydelka.dnsite.pl\/en\/wp-json\/wp\/v2\/pages\/5810\/revisions"}],"predecessor-version":[{"id":6022,"href":"https:\/\/mydelka.dnsite.pl\/en\/wp-json\/wp\/v2\/pages\/5810\/revisions\/6022"}],"wp:attachment":[{"href":"https:\/\/mydelka.dnsite.pl\/en\/wp-json\/wp\/v2\/media?parent=5810"}],"curies":[{"name":"wp","href":"https:\/\/api.w.org\/{rel}","templated":true}]}}