{"id":6265,"date":"2026-03-12T18:07:52","date_gmt":"2026-03-12T17:07:52","guid":{"rendered":"https:\/\/mydelka.dnsite.pl\/nasze-mydelka\/szampon-mleczna-grzywa\/"},"modified":"2026-03-17T17:56:02","modified_gmt":"2026-03-17T16:56:02","slug":"festes-shampoo-mleczna-grzywa","status":"publish","type":"product","link":"https:\/\/mydelka.dnsite.pl\/de\/unsere-seifen\/festes-shampoo-mleczna-grzywa\/","title":{"rendered":"Festes Shampoo Mleczna Grzywa"},"content":{"rendered":"<p class=\"p1\"><i>F\u00fcr normales und trockenes Haar sowie f\u00fcr Haar mit Neigung zu Trockenheit. Auch f\u00fcr empfindliche Kopfhaut geeignet.<br \/>\n<\/i><i><\/i><\/p>\n<p class=\"p1\">Das feste Shampoo reinigt die Kopfhaut sanft, spendet intensive Feuchtigkeit und st\u00e4rkt das Haar. <b>Kakaobutter<\/b> gl\u00e4ttet das Haar, sch\u00fctzt es vor dem Austrocknen und verleiht ihm Geschmeidigkeit. <b>Jojoba\u00f6l<\/b> unterst\u00fctzt das nat\u00fcrliche Gleichgewicht der Kopfhaut und beugt Reizungen der Kopfhaut sowie Frizz vor.<\/p>\n<p class=\"p1\">Der cremige Schaum, die nat\u00fcrlichen Inhaltsstoffe und der Verzicht auf Plastik machen das feste Shampoo zur idealen Wahl f\u00fcr alle, die eine <b>wirksame, umweltfreundliche und luxuri\u00f6se Pflege suchen.<\/b><b><\/b><\/p>\n<p class=\"p1\">Vorteile:<\/p>\n<ul class=\"ul1\">\n<li class=\"li1\">gepflegtes und mit Feuchtigkeit versorgtes Haar<\/li>\n<li class=\"li1\">Geschmeidigkeit und gesunder Glanz<\/li>\n<li class=\"li1\">Leichtigkeit ohne das Haar zu beschweren<\/li>\n<li class=\"li1\">Wohlbefinden der Kopfhaut<\/li>\n<\/ul>\n","protected":false},"excerpt":{"rendered":"<p class=\"p1\">Festes Shampoo mit Stutenmilch, Kakaobutter, Jojoba\u00f6l, Lavendel und Rosmarin<\/p>\n<p class=\"p1\"><i>Nat\u00fcrliche Pflege, vereint in einem besonders ergiebigen festen Shampoo.<\/i><b> <\/b><\/p>\n<p class=\"p1\">Festes Shampoo mit Stutenmilch, Kakaobutter, Jojoba\u00f6l, Lavendel und Rosmarin vereint wertvolle Stutenmilch \u2013 gesch\u00e4tzt f\u00fcr ihre n\u00e4hrenden und regenerierenden Eigenschaften \u2013 mit der reichhaltigen Pflege von Kakaobutter und Jojoba\u00f6l. So entsteht eine harmonische Formel f\u00fcr gesundes, sch\u00f6nes Haar.<\/p>\n","protected":false},"featured_media":6266,"template":"","meta":{"_acf_changed":false},"product_brand":[],"product_cat":[110],"product_tag":[],"class_list":{"0":"post-6265","1":"product","2":"type-product","3":"status-publish","4":"has-post-thumbnail","6":"product_cat-unsere-seifen","8":"first","9":"instock","10":"shipping-taxable","11":"purchasable","12":"product-type-simple"},"acf":[],"_links":{"self":[{"href":"https:\/\/mydelka.dnsite.pl\/de\/wp-json\/wp\/v2\/product\/6265","targetHints":{"allow":["GET"]}}],"collection":[{"href":"https:\/\/mydelka.dnsite.pl\/de\/wp-json\/wp\/v2\/product"}],"about":[{"href":"https:\/\/mydelka.dnsite.pl\/de\/wp-json\/wp\/v2\/types\/product"}],"version-history":[{"count":1,"href":"https:\/\/mydelka.dnsite.pl\/de\/wp-json\/wp\/v2\/product\/6265\/revisions"}],"predecessor-version":[{"id":6275,"href":"https:\/\/mydelka.dnsite.pl\/de\/wp-json\/wp\/v2\/product\/6265\/revisions\/6275"}],"wp:featuredmedia":[{"embeddable":true,"href":"https:\/\/mydelka.dnsite.pl\/de\/wp-json\/wp\/v2\/media\/6266"}],"wp:attachment":[{"href":"https:\/\/mydelka.dnsite.pl\/de\/wp-json\/wp\/v2\/media?parent=6265"}],"wp:term":[{"taxonomy":"product_brand","embeddable":true,"href":"https:\/\/mydelka.dnsite.pl\/de\/wp-json\/wp\/v2\/product_brand?post=6265"},{"taxonomy":"product_cat","embeddable":true,"href":"https:\/\/mydelka.dnsite.pl\/de\/wp-json\/wp\/v2\/product_cat?post=6265"},{"taxonomy":"product_tag","embeddable":true,"href":"https:\/\/mydelka.dnsite.pl\/de\/wp-json\/wp\/v2\/product_tag?post=6265"}],"curies":[{"name":"wp","href":"https:\/\/api.w.org\/{rel}","templated":true}]}}