{"id":6122,"date":"2026-01-17T11:00:45","date_gmt":"2026-01-17T10:00:45","guid":{"rendered":"https:\/\/mydelka.dnsite.pl\/?post_type=product&#038;p=6122"},"modified":"2026-01-21T23:10:02","modified_gmt":"2026-01-21T22:10:02","slug":"mustang-rasierseife","status":"publish","type":"product","link":"https:\/\/mydelka.dnsite.pl\/de\/unsere-seifen\/mustang-rasierseife\/","title":{"rendered":"\u201eMustang\u201c Rasierseife"},"content":{"rendered":"<p class=\"p1\"><strong>F\u00fcr jeden Hauttyp, auch f\u00fcr empfindliche Haut. Verschiedene Hauttypen<\/strong><i><\/i><\/p>\n<p class=\"p2\">Die \u201eMustang\u201c Seife vereint traditionelle Handwerkskunst mit der pflegenden Kraft der Natur. Ihre reichhaltige Formel sorgt f\u00fcr eine sanfte, angenehme Rasur und intensive Pflege selbst empfindlichster Haut.<\/p>\n<p class=\"p2\">Stutenmilch, reich an Vitaminen, Proteinen und Spurenelementen, beruhigt, spendet Feuchtigkeit, regeneriert die Haut und sch\u00fctzt sie vor Irritationen. Stearins\u00e4ure erzeugt einen dicken, cremigen Schaum, der die Haare aufrichtet, das Gleiten des Rasierers erleichtert und eine gr\u00fcndliche Rasur erm\u00f6glicht, w\u00e4hrend er die Haut von Unreinheiten befreit. Kakaobutter macht die Epidermis weich und geschmeidig, w\u00e4hrend Rizinus\u00f6l entz\u00fcndungshemmend und antibakteriell wirkt und die Regeneration beschleunigt. Bentonit-Ton verbessert das Gleiten des Rasierers, reinigt die Poren und hinterl\u00e4sst ein frisches und glattes Hautgef\u00fchl.<\/p>\n<p class=\"p2\">Das Ergebnis ist perfekt glatte, gepflegte und zarte Haut ohne Spannungsgef\u00fchl oder Irritationen.<\/p>\n<p class=\"p2\"><b>Eigenschaften<\/b>:<\/p>\n<ul class=\"ul1\">\n<li class=\"li2\">erzeugt einen reichhaltigen, stabilen und cremigen Schaum,<\/li>\n<li class=\"li2\">erleichtert das Gleiten des Rasierers und beugt Mikroverletzungen vor,<\/li>\n<li class=\"li2\">beruhigt und regeneriert die Haut nach der Rasur,<\/li>\n<li class=\"li2\">spendet Feuchtigkeit und sch\u00fctzt vor Austrocknung,<\/li>\n<li class=\"li2\">f\u00fcr empfindliche Haut geeignet.<\/li>\n<\/ul>\n","protected":false},"excerpt":{"rendered":"<p class=\"p1\"><strong>Sanfte Rasur und Pflege in einem<\/strong><br \/>\nDie Verbindung traditionelle Handwerkskunst mit der pflegenden Kraft der Natur. Ihre reichhaltige Formel sorgt f\u00fcr eine sanfte, angenehme Rasur und intensive Pflege selbst empfindlichster Haut.<\/p>\n","protected":false},"featured_media":6306,"template":"","meta":{"_acf_changed":false},"product_brand":[],"product_cat":[110],"product_tag":[],"class_list":{"0":"post-6122","1":"product","2":"type-product","3":"status-publish","4":"has-post-thumbnail","6":"product_cat-unsere-seifen","8":"first","9":"instock","10":"shipping-taxable","11":"purchasable","12":"product-type-simple"},"acf":[],"_links":{"self":[{"href":"https:\/\/mydelka.dnsite.pl\/de\/wp-json\/wp\/v2\/product\/6122","targetHints":{"allow":["GET"]}}],"collection":[{"href":"https:\/\/mydelka.dnsite.pl\/de\/wp-json\/wp\/v2\/product"}],"about":[{"href":"https:\/\/mydelka.dnsite.pl\/de\/wp-json\/wp\/v2\/types\/product"}],"version-history":[{"count":3,"href":"https:\/\/mydelka.dnsite.pl\/de\/wp-json\/wp\/v2\/product\/6122\/revisions"}],"predecessor-version":[{"id":6143,"href":"https:\/\/mydelka.dnsite.pl\/de\/wp-json\/wp\/v2\/product\/6122\/revisions\/6143"}],"wp:featuredmedia":[{"embeddable":true,"href":"https:\/\/mydelka.dnsite.pl\/de\/wp-json\/wp\/v2\/media\/6306"}],"wp:attachment":[{"href":"https:\/\/mydelka.dnsite.pl\/de\/wp-json\/wp\/v2\/media?parent=6122"}],"wp:term":[{"taxonomy":"product_brand","embeddable":true,"href":"https:\/\/mydelka.dnsite.pl\/de\/wp-json\/wp\/v2\/product_brand?post=6122"},{"taxonomy":"product_cat","embeddable":true,"href":"https:\/\/mydelka.dnsite.pl\/de\/wp-json\/wp\/v2\/product_cat?post=6122"},{"taxonomy":"product_tag","embeddable":true,"href":"https:\/\/mydelka.dnsite.pl\/de\/wp-json\/wp\/v2\/product_tag?post=6122"}],"curies":[{"name":"wp","href":"https:\/\/api.w.org\/{rel}","templated":true}]}}