{"id":6119,"date":"2026-01-17T12:00:29","date_gmt":"2026-01-17T11:00:29","guid":{"rendered":"https:\/\/mydelka.dnsite.pl\/?post_type=product&#038;p=6119"},"modified":"2026-01-21T23:09:47","modified_gmt":"2026-01-21T22:09:47","slug":"horse-seife","status":"publish","type":"product","link":"https:\/\/mydelka.dnsite.pl\/de\/unsere-seifen\/horse-seife\/","title":{"rendered":"\u201eHorse\u201c Seife"},"content":{"rendered":"<p class=\"p1\"><i>F\u00fcr raue, verhornte Haut ohne Glanz. Verschiedene Hauttypen<\/i><i><\/i><\/p>\n<p class=\"p2\">Die \u201eHorse\u201c Seife vereint effektive Reinigung mit nat\u00fcrlicher Pflege.<\/p>\n<p class=\"p2\">Die enthaltene Stutenmilch spendet intensive Feuchtigkeit, n\u00e4hrt und regeneriert die Haut und verleiht ihr Geschmeidigkeit und Elastizit\u00e4t zur\u00fcck. Kokos\u00f6l sorgt f\u00fcr einen zarten Schaum und antibakterielle Eigenschaften, w\u00e4hrend Rinderfett f\u00fcr eine cremige Konsistenz und lange Haltbarkeit sorgt und die nat\u00fcrliche Lipidbarriere der Haut st\u00e4rkt. Fein gemahlener Bimsstein wirkt als nat\u00fcrliches Peeling \u2013 er entfernt abgestorbene Hautsch\u00fcppchen, gl\u00e4ttet die Haut und regt die Mikrozirkulation an. Das Ergebnis ist saubere, glatte und strahlende Haut. Bei regelm\u00e4\u00dfiger Anwendung f\u00fchlt sich die Haut frisch an und ist optimal auf die Aufnahme von N\u00e4hrstoffen vorbereitet.<\/p>\n<p class=\"p2\">Die \u201eHorse\u201c Seife eignet sich perfekt f\u00fcr H\u00e4nde, F\u00fc\u00dfe und den ganzen K\u00f6rper, insbesondere f\u00fcr Personen mit rauer, verhornter oder fahler Haut.<\/p>\n<p class=\"p2\"><b>Eigenschaften<\/b>:<\/p>\n<ul class=\"ul1\">\n<li class=\"li2\">reinigt und entfernt effektiv abgestorbene Hautsch\u00fcppchen,<\/li>\n<li class=\"li2\">f\u00f6rdert die Hautregeneration und sorgt f\u00fcr ein geschmeidiges Hautbild,<\/li>\n<li class=\"li2\">spendet Feuchtigkeit und pflegt mit Stutenmilch,<\/li>\n<li class=\"li2\">verbessert die Mikrozirkulation und hinterl\u00e4sst ein frisches Gef\u00fchl,<\/li>\n<li class=\"li2\">ideal f\u00fcr H\u00e4nde, F\u00fc\u00dfe und den ganzen K\u00f6rper.<\/li>\n<\/ul>\n","protected":false},"excerpt":{"rendered":"<p class=\"p1\"><strong>Die Reinigungskraft der Natur<\/strong><br \/>\nDiese einzigartige Seife vereint nat\u00fcrliche Pflege mit effektiver Reinigung. Die \u201eHorse\u201c Seife eignet sich perfekt f\u00fcr H\u00e4nde, F\u00fc\u00dfe und den ganzen K\u00f6rper, insbesondere f\u00fcr Personen mit rauer, verhornter oder fahler Haut.<\/p>\n","protected":false},"featured_media":6304,"template":"","meta":{"_acf_changed":false},"product_brand":[],"product_cat":[110],"product_tag":[],"class_list":{"0":"post-6119","1":"product","2":"type-product","3":"status-publish","4":"has-post-thumbnail","6":"product_cat-unsere-seifen","8":"first","9":"instock","10":"shipping-taxable","11":"purchasable","12":"product-type-simple"},"acf":[],"_links":{"self":[{"href":"https:\/\/mydelka.dnsite.pl\/de\/wp-json\/wp\/v2\/product\/6119","targetHints":{"allow":["GET"]}}],"collection":[{"href":"https:\/\/mydelka.dnsite.pl\/de\/wp-json\/wp\/v2\/product"}],"about":[{"href":"https:\/\/mydelka.dnsite.pl\/de\/wp-json\/wp\/v2\/types\/product"}],"version-history":[{"count":3,"href":"https:\/\/mydelka.dnsite.pl\/de\/wp-json\/wp\/v2\/product\/6119\/revisions"}],"predecessor-version":[{"id":6141,"href":"https:\/\/mydelka.dnsite.pl\/de\/wp-json\/wp\/v2\/product\/6119\/revisions\/6141"}],"wp:featuredmedia":[{"embeddable":true,"href":"https:\/\/mydelka.dnsite.pl\/de\/wp-json\/wp\/v2\/media\/6304"}],"wp:attachment":[{"href":"https:\/\/mydelka.dnsite.pl\/de\/wp-json\/wp\/v2\/media?parent=6119"}],"wp:term":[{"taxonomy":"product_brand","embeddable":true,"href":"https:\/\/mydelka.dnsite.pl\/de\/wp-json\/wp\/v2\/product_brand?post=6119"},{"taxonomy":"product_cat","embeddable":true,"href":"https:\/\/mydelka.dnsite.pl\/de\/wp-json\/wp\/v2\/product_cat?post=6119"},{"taxonomy":"product_tag","embeddable":true,"href":"https:\/\/mydelka.dnsite.pl\/de\/wp-json\/wp\/v2\/product_tag?post=6119"}],"curies":[{"name":"wp","href":"https:\/\/api.w.org\/{rel}","templated":true}]}}