{"id":6116,"date":"2026-01-17T13:00:14","date_gmt":"2026-01-17T12:00:14","guid":{"rendered":"https:\/\/mydelka.dnsite.pl\/?post_type=product&#038;p=6116"},"modified":"2026-01-21T23:09:43","modified_gmt":"2026-01-21T22:09:43","slug":"wihihi-pechseife","status":"publish","type":"product","link":"https:\/\/mydelka.dnsite.pl\/de\/unsere-seifen\/wihihi-pechseife\/","title":{"rendered":"\u201eWihihi\u201c Pechseife"},"content":{"rendered":"<p class=\"p1\"><strong>F\u00fcr fettige, zu Akne neigende, problematische Haut, die regeneriert werden muss. Verschiedene Hauttypen<\/strong><\/p>\n<p class=\"p2\">Die nat\u00fcrliche, handgefertigte \u201eWihihi\u201c Seife vereint die wohltuenden Eigenschaften von Stutenmilch mit der reinigenden Kraft von Birkenpech und bietet so eine effektive Pflege f\u00fcr fettige, zu Akne neigende und unreine Haut.<\/p>\n<p class=\"p2\">Stutenmilch, reich an Vitaminen, Spurenelementen und Fetts\u00e4uren, spendet intensive Feuchtigkeit, f\u00f6rdert die Regeneration und verleiht der Haut Geschmeidigkeit und Elastizit\u00e4t zur\u00fcck. Birkenpech, bekannt f\u00fcr seine antiseptischen, entz\u00fcndungshemmenden und desinfizierenden Eigenschaften, lindert Akne, Psoriasis und Ekzeme und unterst\u00fctzt so die nat\u00fcrlichen Heilungsprozesse der Haut. Die Formel ist mit nat\u00fcrlichem Teebaum\u00f6l angereichert, das antibakterielle und erfrischende Eigenschaften aufweist.<\/p>\n<p class=\"p2\">Die regelm\u00e4\u00dfige Anwendung der \u201eWihihi\u201c Seife hilft, die Poren zu reinigen, Irritationen zu lindern und das Gleichgewicht, die Frische und das gesunde Aussehen der Haut wiederherzustellen.<\/p>\n<p class=\"p2\"><b>Eigenschaften<\/b>:<\/p>\n<ul class=\"ul1\">\n<li class=\"li2\">wirkt antibakteriell und entz\u00fcndungshemmend,<\/li>\n<li class=\"li2\">unterst\u00fctzt die Hautregeneration,<\/li>\n<li class=\"li2\">lindert Akne und Psoriasis,<\/li>\n<li class=\"li2\">reinigt sanft, ohne die Haut auszutrocknen,<\/li>\n<li class=\"li2\">hinterl\u00e4sst ein frisches und geschmeidiges Hautgef\u00fchl.<\/li>\n<\/ul>\n","protected":false},"excerpt":{"rendered":"<p class=\"p1\"><strong>Reinigung und Pflege aus der Natur<\/strong><br \/>\nDie nat\u00fcrliche, handgefertigte \u201eWihihi\u201c Seife vereint die wohltuenden Eigenschaften von Stutenmilch mit der reinigenden Kraft von Birkenpech und bietet so eine effektive Pflege f\u00fcr fettige, zu Akne neigende und unreine Haut.<\/p>\n","protected":false},"featured_media":6302,"template":"","meta":{"_acf_changed":false},"product_brand":[],"product_cat":[110],"product_tag":[],"class_list":{"0":"post-6116","1":"product","2":"type-product","3":"status-publish","4":"has-post-thumbnail","6":"product_cat-unsere-seifen","8":"first","9":"instock","10":"shipping-taxable","11":"purchasable","12":"product-type-simple"},"acf":[],"_links":{"self":[{"href":"https:\/\/mydelka.dnsite.pl\/de\/wp-json\/wp\/v2\/product\/6116","targetHints":{"allow":["GET"]}}],"collection":[{"href":"https:\/\/mydelka.dnsite.pl\/de\/wp-json\/wp\/v2\/product"}],"about":[{"href":"https:\/\/mydelka.dnsite.pl\/de\/wp-json\/wp\/v2\/types\/product"}],"version-history":[{"count":3,"href":"https:\/\/mydelka.dnsite.pl\/de\/wp-json\/wp\/v2\/product\/6116\/revisions"}],"predecessor-version":[{"id":6139,"href":"https:\/\/mydelka.dnsite.pl\/de\/wp-json\/wp\/v2\/product\/6116\/revisions\/6139"}],"wp:featuredmedia":[{"embeddable":true,"href":"https:\/\/mydelka.dnsite.pl\/de\/wp-json\/wp\/v2\/media\/6302"}],"wp:attachment":[{"href":"https:\/\/mydelka.dnsite.pl\/de\/wp-json\/wp\/v2\/media?parent=6116"}],"wp:term":[{"taxonomy":"product_brand","embeddable":true,"href":"https:\/\/mydelka.dnsite.pl\/de\/wp-json\/wp\/v2\/product_brand?post=6116"},{"taxonomy":"product_cat","embeddable":true,"href":"https:\/\/mydelka.dnsite.pl\/de\/wp-json\/wp\/v2\/product_cat?post=6116"},{"taxonomy":"product_tag","embeddable":true,"href":"https:\/\/mydelka.dnsite.pl\/de\/wp-json\/wp\/v2\/product_tag?post=6116"}],"curies":[{"name":"wp","href":"https:\/\/api.w.org\/{rel}","templated":true}]}}