{"id":6113,"date":"2026-01-17T14:00:56","date_gmt":"2026-01-17T13:00:56","guid":{"rendered":"https:\/\/mydelka.dnsite.pl\/?post_type=product&#038;p=6113"},"modified":"2026-01-21T23:09:27","modified_gmt":"2026-01-21T22:09:27","slug":"entspannung-seife","status":"publish","type":"product","link":"https:\/\/mydelka.dnsite.pl\/de\/unsere-seifen\/entspannung-seife\/","title":{"rendered":"\u201eEntspannung\u201c Seife"},"content":{"rendered":"<p class=\"p1\"><i>F\u00fcr fettige, Mischhaut und Problemhaut. Verschiedene Hauttypen<\/i><\/p>\n<p class=\"p2\">Diese einzigartige, handgefertigte Seife vereint die Kraft der Natur mit sanfter Hautpflege.<\/p>\n<p class=\"p2\">Ihre Formel basiert auf Stutenmilch, die die Haut intensiv mit Feuchtigkeit versorgt, regeneriert und gl\u00e4ttet und ihr Geschmeidigkeit und Elastizit\u00e4t zur\u00fcckgibt. Mineral- und bioaktive Heilschlamm reinigt, entgiftet und unterst\u00fctzt die Hauterneuerung. Tomatenextrakt, reich an Lycopin sowie den Vitaminen C und E, wirkt als nat\u00fcrliches Antioxidans \u2013 er hellt den Teint auf, gleicht ihn aus und sch\u00fctzt vor freien Radikalen. Die enthaltenen Pflanzen\u00f6le \u2013 Hanf-, Karanja-, Traubenkern-, Kokos- und Oliven\u00f6l \u2013 f\u00f6rdern die Regeneration, lindern Irritationen, sch\u00fctzen vor Trockenheit und st\u00e4rken die nat\u00fcrliche Hautbarriere. Kakaobutter pflegt die Haut zus\u00e4tzlich, strafft sie und verleiht ihr ein samtweiches Gef\u00fchl. Die \u201eEntspannung\u201c Seife ist ideal f\u00fcr problematische Haut, insbesondere f\u00fcr zu Akne neigende Haut.<\/p>\n<p class=\"p2\">Bei regelm\u00e4\u00dfiger Anwendung wird die Haut rein, strahlend und voller Vitalit\u00e4t.<\/p>\n<p class=\"p2\"><b>Eigenschaften<\/b>:<\/p>\n<ul class=\"ul1\">\n<li class=\"li2\">reinigt und regeneriert porentief,<\/li>\n<li class=\"li2\">unterst\u00fctzt die nat\u00fcrliche Hauterneuerung,<\/li>\n<li class=\"li2\">sch\u00fctzt vor freien Radikalen,<\/li>\n<li class=\"li2\">verleiht der Haut ein frisches, strahlendes Aussehen,<\/li>\n<li class=\"li2\">pflegt sanft, ohne auszutrocknen.<\/li>\n<\/ul>\n","protected":false},"excerpt":{"rendered":"<p class=\"p1\"><strong>Reinigung, Regeneration und strahlende Haut<\/strong><br \/>\nDiese einzigartige Seife vereint die Kraft der Natur mit sanfter Hautpflege. Das Ergebnis? Reine, gepflegte Haut mit einem gesunden Glow.<\/p>\n","protected":false},"featured_media":6300,"template":"","meta":{"_acf_changed":false},"product_brand":[],"product_cat":[110],"product_tag":[],"class_list":{"0":"post-6113","1":"product","2":"type-product","3":"status-publish","4":"has-post-thumbnail","6":"product_cat-unsere-seifen","8":"first","9":"instock","10":"shipping-taxable","11":"purchasable","12":"product-type-simple"},"acf":[],"_links":{"self":[{"href":"https:\/\/mydelka.dnsite.pl\/de\/wp-json\/wp\/v2\/product\/6113","targetHints":{"allow":["GET"]}}],"collection":[{"href":"https:\/\/mydelka.dnsite.pl\/de\/wp-json\/wp\/v2\/product"}],"about":[{"href":"https:\/\/mydelka.dnsite.pl\/de\/wp-json\/wp\/v2\/types\/product"}],"version-history":[{"count":3,"href":"https:\/\/mydelka.dnsite.pl\/de\/wp-json\/wp\/v2\/product\/6113\/revisions"}],"predecessor-version":[{"id":6137,"href":"https:\/\/mydelka.dnsite.pl\/de\/wp-json\/wp\/v2\/product\/6113\/revisions\/6137"}],"wp:featuredmedia":[{"embeddable":true,"href":"https:\/\/mydelka.dnsite.pl\/de\/wp-json\/wp\/v2\/media\/6300"}],"wp:attachment":[{"href":"https:\/\/mydelka.dnsite.pl\/de\/wp-json\/wp\/v2\/media?parent=6113"}],"wp:term":[{"taxonomy":"product_brand","embeddable":true,"href":"https:\/\/mydelka.dnsite.pl\/de\/wp-json\/wp\/v2\/product_brand?post=6113"},{"taxonomy":"product_cat","embeddable":true,"href":"https:\/\/mydelka.dnsite.pl\/de\/wp-json\/wp\/v2\/product_cat?post=6113"},{"taxonomy":"product_tag","embeddable":true,"href":"https:\/\/mydelka.dnsite.pl\/de\/wp-json\/wp\/v2\/product_tag?post=6113"}],"curies":[{"name":"wp","href":"https:\/\/api.w.org\/{rel}","templated":true}]}}