{"id":6110,"date":"2026-01-17T15:00:43","date_gmt":"2026-01-17T14:00:43","guid":{"rendered":"https:\/\/mydelka.dnsite.pl\/?post_type=product&#038;p=6110"},"modified":"2026-01-21T23:09:20","modified_gmt":"2026-01-21T22:09:20","slug":"heilschlamm-seife-aus-dem-wilden-tal","status":"publish","type":"product","link":"https:\/\/mydelka.dnsite.pl\/de\/unsere-seifen\/heilschlamm-seife-aus-dem-wilden-tal\/","title":{"rendered":"\u201eHeilschlamm\u201c Seife aus dem Wilden Tal"},"content":{"rendered":"<p class=\"p1\"><strong>F\u00fcr fettige, Mischhaut und Problemhaut. Verschiedene Hauttypen<\/strong><i><\/i><\/p>\n<p class=\"p2\">Diese nat\u00fcrliche, handgefertigte Seife vereint pflegende Stutenmilch mit reinigendem Heilschlamm und ist die perfekte Wahl f\u00fcr alle, die eine umfassende Hautpflege suchen.<\/p>\n<p class=\"p2\">Stutenmilch, reich an Vitaminen, Proteinen und Fetts\u00e4uren, spendet intensive Feuchtigkeit, gl\u00e4ttet die Haut und unterst\u00fctzt die Regeneration der Epidermis. So wird die Haut weicher und elastischer. Heilschlamm \u2013 ein kostbares Geschenk der Natur mit entgiftenden, mineralisierenden und entz\u00fcndungshemmenden Eigenschaften \u2013 reinigt die Poren gr\u00fcndlich, f\u00f6rdert die Durchblutung und regt die Produktion von Kollagen und Elastin an, die f\u00fcr die Elastizit\u00e4t und ein jugendliches Aussehen der Haut verantwortlich sind. Diese Seife eignet sich ideal f\u00fcr fettige und Mischhaut sowie f\u00fcr problematische Haut, die zu Akne, Pigmentflecken oder nachlassender Festigkeit neigt.<\/p>\n<p class=\"p2\">Bei regelm\u00e4\u00dfiger Anwendung bringt die Seife die Haut wieder ins Gleichgewicht, verleiht ihr Frische und einen gesunden Glow.<\/p>\n<p class=\"p2\"><b>Eigenschaften<\/b>:<\/p>\n<ul class=\"ul1\">\n<li class=\"li1\">befeuchtet und gl\u00e4ttet die Haut<\/li>\n<li class=\"li1\">reinigt die Poren gr\u00fcndlich<\/li>\n<li class=\"li1\">verbessert die Durchblutung und stimuliert die Produktion von Kollagen und Elastin, die f\u00fcr die Elastizit\u00e4t und das jugendliche Aussehen der Haut verantwortlich sind<\/li>\n<\/ul>\n","protected":false},"excerpt":{"rendered":"<p class=\"p1\"><strong>Regeneration und Pflege aus der Natur<\/strong><br \/>\nDiese nat\u00fcrliche, handgefertigte Seife die eine umfassende Hautpflege suchen. Diese Seife eignet sich ideal f\u00fcr fettige und Mischhaut sowie f\u00fcr problematische Haut, die zu Akne, Pigmentflecken oder nachlassender Festigkeit neigt.<\/p>\n","protected":false},"featured_media":6298,"template":"","meta":{"_acf_changed":false},"product_brand":[],"product_cat":[110],"product_tag":[],"class_list":{"0":"post-6110","1":"product","2":"type-product","3":"status-publish","4":"has-post-thumbnail","6":"product_cat-unsere-seifen","8":"first","9":"instock","10":"shipping-taxable","11":"purchasable","12":"product-type-simple"},"acf":[],"_links":{"self":[{"href":"https:\/\/mydelka.dnsite.pl\/de\/wp-json\/wp\/v2\/product\/6110","targetHints":{"allow":["GET"]}}],"collection":[{"href":"https:\/\/mydelka.dnsite.pl\/de\/wp-json\/wp\/v2\/product"}],"about":[{"href":"https:\/\/mydelka.dnsite.pl\/de\/wp-json\/wp\/v2\/types\/product"}],"version-history":[{"count":2,"href":"https:\/\/mydelka.dnsite.pl\/de\/wp-json\/wp\/v2\/product\/6110\/revisions"}],"predecessor-version":[{"id":6135,"href":"https:\/\/mydelka.dnsite.pl\/de\/wp-json\/wp\/v2\/product\/6110\/revisions\/6135"}],"wp:featuredmedia":[{"embeddable":true,"href":"https:\/\/mydelka.dnsite.pl\/de\/wp-json\/wp\/v2\/media\/6298"}],"wp:attachment":[{"href":"https:\/\/mydelka.dnsite.pl\/de\/wp-json\/wp\/v2\/media?parent=6110"}],"wp:term":[{"taxonomy":"product_brand","embeddable":true,"href":"https:\/\/mydelka.dnsite.pl\/de\/wp-json\/wp\/v2\/product_brand?post=6110"},{"taxonomy":"product_cat","embeddable":true,"href":"https:\/\/mydelka.dnsite.pl\/de\/wp-json\/wp\/v2\/product_cat?post=6110"},{"taxonomy":"product_tag","embeddable":true,"href":"https:\/\/mydelka.dnsite.pl\/de\/wp-json\/wp\/v2\/product_tag?post=6110"}],"curies":[{"name":"wp","href":"https:\/\/api.w.org\/{rel}","templated":true}]}}