{"id":6107,"date":"2026-01-17T16:00:23","date_gmt":"2026-01-17T15:00:23","guid":{"rendered":"https:\/\/mydelka.dnsite.pl\/?post_type=product&#038;p=6107"},"modified":"2026-01-21T23:01:20","modified_gmt":"2026-01-21T22:01:20","slug":"pony-seife-fuer-kinder","status":"publish","type":"product","link":"https:\/\/mydelka.dnsite.pl\/de\/unsere-seifen\/pony-seife-fuer-kinder\/","title":{"rendered":"\u201ePony\u201c Seife f\u00fcr Kinder"},"content":{"rendered":"<p class=\"p1\"><strong>F\u00fcr sehr empfindliche, trockene und allergische Haut. Verschiedene Hauttypen<\/strong><i><\/i><\/p>\n<p class=\"p2\">Eine nat\u00fcrliche, handgefertigte Seife, speziell f\u00fcr die empfindliche Haut von Kindern und Babys entwickelt.<\/p>\n<p class=\"p2\">Die vitamin- und proteinreiche Stutenmilch pflegt und spendet Feuchtigkeit und st\u00e4rkt die nat\u00fcrliche Schutzbarriere der Haut. S\u00fc\u00dfmandel\u00f6l wirkt wie ein nat\u00fcrlicher Weichmacher \u2013 es gl\u00e4ttet und macht die Haut geschmeidig und seidig weich. Kakaobutter liefert wertvolle N\u00e4hrstoffe und unterst\u00fctzt die Regeneration und Elastizit\u00e4t der Haut. Bienenwachs verleiht der Seife eine cremige Konsistenz, legt sich wie ein zarter Schutzfilm um die Haut und beugt Feuchtigkeitsverlust vor. Bienenwachs wirkt entz\u00fcndungshemmend und antibakteriell, lindert Irritationen und beschleunigt die Heilung kleinerer Wunden. Dank ihrer hypoallergenen Formel ist die Seife selbst f\u00fcr die empfindlichste Haut geeignet \u2013 f\u00fcr Kinder und Erwachsene.<\/p>\n<p class=\"p2\">Die \u201ePony\u201c Seife vereint die Reinheit der Natur mit der Pflege zarter Haut und macht sie geschmeidig, weich und optimal mit Feuchtigkeit versorgt. Frei von k\u00fcnstlichen Farb-, Konservierungs- und Duftstoffen.<\/p>\n<p class=\"p2\">\n<b>Eigenschaften<\/b>:<\/p>\n<ul class=\"ul1\">\n<li class=\"li2\">besonders sanft, ideal f\u00fcr Kinder und Babys,<\/li>\n<li class=\"li2\">spendet intensive Feuchtigkeit und sch\u00fctzt vor Austrocknung,<\/li>\n<li class=\"li2\">unterst\u00fctzt die Regeneration und lindert Irritationen,<\/li>\n<li class=\"li2\">erzeugt einen cremigen, sanften Schaum.<\/li>\n<\/ul>\n","protected":false},"excerpt":{"rendered":"<p class=\"p1\"><strong>Nat\u00fcrliche Pflege f\u00fcr zarte Haut<\/strong><br \/>\nEine nat\u00fcrliche, handgefertigte Seife, speziell f\u00fcr die empfindliche Haut von Kindern und Babys entwickelt. Dank ihrer hypoallergenen Formel ist die Seife selbst f\u00fcr die empfindlichste Haut geeignet \u2013 f\u00fcr Kinder und Erwachsene.<\/p>\n","protected":false},"featured_media":6296,"template":"","meta":{"_acf_changed":false},"product_brand":[],"product_cat":[110],"product_tag":[],"class_list":{"0":"post-6107","1":"product","2":"type-product","3":"status-publish","4":"has-post-thumbnail","6":"product_cat-unsere-seifen","8":"first","9":"instock","10":"shipping-taxable","11":"purchasable","12":"product-type-simple"},"acf":[],"_links":{"self":[{"href":"https:\/\/mydelka.dnsite.pl\/de\/wp-json\/wp\/v2\/product\/6107","targetHints":{"allow":["GET"]}}],"collection":[{"href":"https:\/\/mydelka.dnsite.pl\/de\/wp-json\/wp\/v2\/product"}],"about":[{"href":"https:\/\/mydelka.dnsite.pl\/de\/wp-json\/wp\/v2\/types\/product"}],"version-history":[{"count":3,"href":"https:\/\/mydelka.dnsite.pl\/de\/wp-json\/wp\/v2\/product\/6107\/revisions"}],"predecessor-version":[{"id":6133,"href":"https:\/\/mydelka.dnsite.pl\/de\/wp-json\/wp\/v2\/product\/6107\/revisions\/6133"}],"wp:featuredmedia":[{"embeddable":true,"href":"https:\/\/mydelka.dnsite.pl\/de\/wp-json\/wp\/v2\/media\/6296"}],"wp:attachment":[{"href":"https:\/\/mydelka.dnsite.pl\/de\/wp-json\/wp\/v2\/media?parent=6107"}],"wp:term":[{"taxonomy":"product_brand","embeddable":true,"href":"https:\/\/mydelka.dnsite.pl\/de\/wp-json\/wp\/v2\/product_brand?post=6107"},{"taxonomy":"product_cat","embeddable":true,"href":"https:\/\/mydelka.dnsite.pl\/de\/wp-json\/wp\/v2\/product_cat?post=6107"},{"taxonomy":"product_tag","embeddable":true,"href":"https:\/\/mydelka.dnsite.pl\/de\/wp-json\/wp\/v2\/product_tag?post=6107"}],"curies":[{"name":"wp","href":"https:\/\/api.w.org\/{rel}","templated":true}]}}