{"id":6104,"date":"2026-01-17T17:00:31","date_gmt":"2026-01-17T16:00:31","guid":{"rendered":"https:\/\/mydelka.dnsite.pl\/?post_type=product&#038;p=6104"},"modified":"2026-01-21T23:02:12","modified_gmt":"2026-01-21T22:02:12","slug":"dr-polak-seife","status":"publish","type":"product","link":"https:\/\/mydelka.dnsite.pl\/de\/unsere-seifen\/dr-polak-seife\/","title":{"rendered":"Dr. Polak Seife"},"content":{"rendered":"<p class=\"p1\"><strong>F\u00fcr trockene, raue und empfindliche Haut. Verschiedene Hauttypen<\/strong><i><\/i><\/p>\n<p class=\"p2\">Dr. Polak Seife ist eine luxuri\u00f6se, handgefertigte Kosmetik, speziell f\u00fcr trockene, raue und empfindliche Haut.<\/p>\n<p class=\"p2\">Die Kombination aus pflegender Stutenmilch mit nat\u00fcrlichen \u00d6len und Pflanzenbuttern bietet umfassende Hautpflege und Schutz. Stutenmilch, reich an den Vitaminen A, B, C, D und E sowie wertvollen Proteinen und Mineralien, regeneriert, spendet Feuchtigkeit und gl\u00e4ttet die Haut intensiv, wodurch ihre Elastizit\u00e4t und ihr nat\u00fcrlicher Glow wiederhergestellt werden. Kokos\u00f6l wirkt entz\u00fcndungshemmend, beugt Irritationen vor und hat antibakterielle Eigenschaften, w\u00e4hrend Sheabutter die Haut intensiv mit Feuchtigkeit versorgt, sie weich macht und ihre Festigkeit verbessert. Rizinus\u00f6l unterst\u00fctzt den Wiederaufbau der Lipidbarriere und beschleunigt die Regenerations- und Heilungsprozesse der Haut.<\/p>\n<p class=\"p2\">Bei regelm\u00e4\u00dfiger Anwendung wird die Haut weich, geschmeidig und seidig glatt. Ohne k\u00fcnstliche Duftstoffe \u2013 nur pure Natur.<\/p>\n<p class=\"p2\">\n<b>Eigenschaften<\/b>:<\/p>\n<ul class=\"ul1\">\n<li class=\"li2\">spendet intensive Feuchtigkeit und pflegt die Haut,<\/li>\n<li class=\"li2\">unterst\u00fctzt die Hautregeneration,<\/li>\n<li class=\"li2\">lindert Irritationen,<\/li>\n<li class=\"li2\">macht die Haut weich und seidig glatt,<\/li>\n<li class=\"li2\">hat einen zarten, nat\u00fcrlichen Duft.<\/li>\n<\/ul>\n","protected":false},"excerpt":{"rendered":"<p class=\"p1\"><strong>Nat\u00fcrliches Hautpflege-Elixier<\/strong><i><br \/>\n<\/i>Dr. Polak Seife ist eine luxuri\u00f6se, handgefertigte Kosmetik, speziell f\u00fcr trockene, raue und empfindliche Haut. Bei regelm\u00e4\u00dfiger Anwendung wird die Haut weich, geschmeidig und seidig glatt.<\/p>\n","protected":false},"featured_media":6294,"template":"","meta":{"_acf_changed":false},"product_brand":[],"product_cat":[110],"product_tag":[],"class_list":{"0":"post-6104","1":"product","2":"type-product","3":"status-publish","4":"has-post-thumbnail","6":"product_cat-unsere-seifen","8":"first","9":"instock","10":"shipping-taxable","11":"purchasable","12":"product-type-simple"},"acf":[],"_links":{"self":[{"href":"https:\/\/mydelka.dnsite.pl\/de\/wp-json\/wp\/v2\/product\/6104","targetHints":{"allow":["GET"]}}],"collection":[{"href":"https:\/\/mydelka.dnsite.pl\/de\/wp-json\/wp\/v2\/product"}],"about":[{"href":"https:\/\/mydelka.dnsite.pl\/de\/wp-json\/wp\/v2\/types\/product"}],"version-history":[{"count":4,"href":"https:\/\/mydelka.dnsite.pl\/de\/wp-json\/wp\/v2\/product\/6104\/revisions"}],"predecessor-version":[{"id":6134,"href":"https:\/\/mydelka.dnsite.pl\/de\/wp-json\/wp\/v2\/product\/6104\/revisions\/6134"}],"wp:featuredmedia":[{"embeddable":true,"href":"https:\/\/mydelka.dnsite.pl\/de\/wp-json\/wp\/v2\/media\/6294"}],"wp:attachment":[{"href":"https:\/\/mydelka.dnsite.pl\/de\/wp-json\/wp\/v2\/media?parent=6104"}],"wp:term":[{"taxonomy":"product_brand","embeddable":true,"href":"https:\/\/mydelka.dnsite.pl\/de\/wp-json\/wp\/v2\/product_brand?post=6104"},{"taxonomy":"product_cat","embeddable":true,"href":"https:\/\/mydelka.dnsite.pl\/de\/wp-json\/wp\/v2\/product_cat?post=6104"},{"taxonomy":"product_tag","embeddable":true,"href":"https:\/\/mydelka.dnsite.pl\/de\/wp-json\/wp\/v2\/product_tag?post=6104"}],"curies":[{"name":"wp","href":"https:\/\/api.w.org\/{rel}","templated":true}]}}