{"id":6069,"date":"2026-01-17T17:36:53","date_gmt":"2026-01-17T16:36:53","guid":{"rendered":"https:\/\/mydelka.dnsite.pl\/?page_id=6069"},"modified":"2026-01-21T22:52:10","modified_gmt":"2026-01-21T21:52:10","slug":"zertifikate","status":"publish","type":"page","link":"https:\/\/mydelka.dnsite.pl\/de\/zertifikate\/","title":{"rendered":"ZERTIFIKATE"},"content":{"rendered":"\t\t<div data-elementor-type=\"wp-page\" data-elementor-id=\"6069\" class=\"elementor elementor-6069 elementor-5367\">\n\t\t\t\t\t\t<section class=\"g5core__ll-background elementor-section elementor-top-section elementor-element elementor-element-67bab9c elementor-section-stretched elementor-section-boxed elementor-section-height-default elementor-section-height-default\" data-bg=\"http:\/\/mydelka.dnsite.pl\/wp-content\/uploads\/2026\/01\/mydlazmlekaklaczy_certyfikaty.jpg\" data-id=\"67bab9c\" data-element_type=\"section\" data-e-type=\"section\" data-settings=\"{&quot;stretch_section&quot;:&quot;section-stretched&quot;,&quot;background_background&quot;:&quot;classic&quot;}\">\n\t\t\t\t\t\t<div class=\"elementor-container elementor-column-gap-default\">\n\t\t\t\t\t<div class=\"elementor-column elementor-col-100 elementor-top-column elementor-element elementor-element-31854a4\" data-id=\"31854a4\" data-element_type=\"column\" data-e-type=\"column\">\n\t\t\t<div class=\"elementor-widget-wrap elementor-element-populated\">\n\t\t\t\t\t\t<div class=\"elementor-element elementor-element-451c7e2 elementor-widget elementor-widget-ube-heading\" data-id=\"451c7e2\" data-element_type=\"widget\" data-e-type=\"widget\" data-widget_type=\"ube-heading.default\">\n\t\t\t\t<div class=\"elementor-widget-container\">\n\t\t\t\t\t<div class=\"ube-heading\">\n\t<h6 class=\"ube-heading-sub-title\" >Bew\u00e4hrte Qualit\u00e4t<\/h6><h2 class=\"ube-heading-title\">Zertifikate<\/h2><\/div>\t\t\t\t<\/div>\n\t\t\t\t<\/div>\n\t\t\t\t\t<\/div>\n\t\t<\/div>\n\t\t\t\t\t<\/div>\n\t\t<\/section>\n\t\t\t\t<section class=\"elementor-section elementor-top-section elementor-element elementor-element-1c6ec16 elementor-section-boxed elementor-section-height-default elementor-section-height-default\" data-id=\"1c6ec16\" data-element_type=\"section\" data-e-type=\"section\">\n\t\t\t\t\t\t<div class=\"elementor-container elementor-column-gap-default\">\n\t\t\t\t\t<div class=\"elementor-column elementor-col-100 elementor-top-column elementor-element elementor-element-d2bd184\" data-id=\"d2bd184\" data-element_type=\"column\" data-e-type=\"column\">\n\t\t\t<div class=\"elementor-widget-wrap elementor-element-populated\">\n\t\t\t\t\t\t<section class=\"elementor-section elementor-inner-section elementor-element elementor-element-408d8b1 elementor-section-boxed elementor-section-height-default elementor-section-height-default\" data-id=\"408d8b1\" data-element_type=\"section\" data-e-type=\"section\">\n\t\t\t\t\t\t<div class=\"elementor-container elementor-column-gap-default\">\n\t\t\t\t\t<div class=\"elementor-column elementor-col-100 elementor-inner-column elementor-element elementor-element-81a1ae2\" data-id=\"81a1ae2\" data-element_type=\"column\" data-e-type=\"column\">\n\t\t\t<div class=\"elementor-widget-wrap elementor-element-populated\">\n\t\t\t\t\t\t<div class=\"elementor-element elementor-element-d554522 elementor-widget elementor-widget-image\" data-id=\"d554522\" data-element_type=\"widget\" data-e-type=\"widget\" data-widget_type=\"image.default\">\n\t\t\t\t<div class=\"elementor-widget-container\">\n\t\t\t\t\t\t\t\t\t\t\t\t\t\t\t<img decoding=\"async\" src=\"http:\/\/mydelka.dnsite.pl\/wp-content\/uploads\/2021\/10\/image-box-11.jpg\" title=\"\" alt=\"\" loading=\"lazy\" \/>\t\t\t\t\t\t\t\t\t\t\t\t\t\t\t<\/div>\n\t\t\t\t<\/div>\n\t\t\t\t<div class=\"elementor-element elementor-element-b4626fc elementor-align-center elementor-widget elementor-widget-ube-heading\" data-id=\"b4626fc\" data-element_type=\"widget\" data-e-type=\"widget\" data-widget_type=\"ube-heading.default\">\n\t\t\t\t<div class=\"elementor-widget-container\">\n\t\t\t\t\t<div class=\"ube-heading\">\n\t<h2 class=\"ube-heading-title\">Unsere Zertifizierungen<\/h2><\/div>\t\t\t\t<\/div>\n\t\t\t\t<\/div>\n\t\t\t\t<div class=\"elementor-element elementor-element-d8dab97 elementor-widget__width-initial elementor-widget elementor-widget-text-editor\" data-id=\"d8dab97\" data-element_type=\"widget\" data-e-type=\"widget\" data-widget_type=\"text-editor.default\">\n\t\t\t\t<div class=\"elementor-widget-container\">\n\t\t\t\t\t\t\t\t\t<p class=\"p1\">Unsere Produkte werden aus Rohstoffen h\u00f6chster Qualit\u00e4t hergestellt.<br \/>Die vorliegenden Zertifikate best\u00e4tigen ihre nat\u00fcrliche Herkunft und bew\u00e4hrte Qualit\u00e4t.<\/p>\t\t\t\t\t\t\t\t<\/div>\n\t\t\t\t<\/div>\n\t\t\t\t\t<\/div>\n\t\t<\/div>\n\t\t\t\t\t<\/div>\n\t\t<\/section>\n\t\t\t\t\t<\/div>\n\t\t<\/div>\n\t\t\t\t\t<\/div>\n\t\t<\/section>\n\t\t\t\t<section class=\"elementor-section elementor-top-section elementor-element elementor-element-25eecfb elementor-section-content-middle elementor-section-boxed elementor-section-height-default elementor-section-height-default\" data-id=\"25eecfb\" data-element_type=\"section\" data-e-type=\"section\">\n\t\t\t\t\t\t<div class=\"elementor-container elementor-column-gap-default\">\n\t\t\t\t\t<div class=\"elementor-column elementor-col-100 elementor-top-column elementor-element elementor-element-d2e09b8\" data-id=\"d2e09b8\" data-element_type=\"column\" data-e-type=\"column\">\n\t\t\t<div class=\"elementor-widget-wrap elementor-element-populated\">\n\t\t\t\t\t\t<section class=\"elementor-section elementor-inner-section elementor-element elementor-element-4d208f7 elementor-section-content-middle elementor-section-boxed elementor-section-height-default elementor-section-height-default\" data-id=\"4d208f7\" data-element_type=\"section\" data-e-type=\"section\">\n\t\t\t\t\t\t<div class=\"elementor-container elementor-column-gap-no\">\n\t\t\t\t\t<div class=\"elementor-column elementor-col-50 elementor-inner-column elementor-element elementor-element-d29c7a9\" data-id=\"d29c7a9\" data-element_type=\"column\" data-e-type=\"column\">\n\t\t\t<div class=\"elementor-widget-wrap elementor-element-populated\">\n\t\t\t\t\t\t<div class=\"elementor-element elementor-element-926aebb elementor-widget elementor-widget-image\" data-id=\"926aebb\" data-element_type=\"widget\" data-e-type=\"widget\" data-widget_type=\"image.default\">\n\t\t\t\t<div class=\"elementor-widget-container\">\n\t\t\t\t\t\t\t\t\t\t\t\t\t\t\t<img decoding=\"async\" src=\"http:\/\/mydelka.dnsite.pl\/wp-content\/uploads\/2026\/01\/mydlazmlekaklaczy_certyfikat_Izoo-Rasa-rodzima.jpg\" title=\"\" alt=\"\" loading=\"lazy\" \/>\t\t\t\t\t\t\t\t\t\t\t\t\t\t\t<\/div>\n\t\t\t\t<\/div>\n\t\t\t\t\t<\/div>\n\t\t<\/div>\n\t\t\t\t<div class=\"elementor-column elementor-col-50 elementor-inner-column elementor-element elementor-element-f9a59c9\" data-id=\"f9a59c9\" data-element_type=\"column\" data-e-type=\"column\">\n\t\t\t<div class=\"elementor-widget-wrap elementor-element-populated\">\n\t\t\t\t\t\t<section class=\"elementor-section elementor-inner-section elementor-element elementor-element-bf920d8 elementor-section-boxed elementor-section-height-default elementor-section-height-default\" data-id=\"bf920d8\" data-element_type=\"section\" data-e-type=\"section\">\n\t\t\t\t\t\t<div class=\"elementor-container elementor-column-gap-default\">\n\t\t\t\t\t<div class=\"elementor-column elementor-col-50 elementor-inner-column elementor-element elementor-element-4f91fec\" data-id=\"4f91fec\" data-element_type=\"column\" data-e-type=\"column\">\n\t\t\t<div class=\"elementor-widget-wrap elementor-element-populated\">\n\t\t\t\t\t\t<div class=\"elementor-element elementor-element-141594f elementor-widget elementor-widget-image\" data-id=\"141594f\" data-element_type=\"widget\" data-e-type=\"widget\" data-widget_type=\"image.default\">\n\t\t\t\t<div class=\"elementor-widget-container\">\n\t\t\t\t\t\t\t\t\t\t\t\t\t\t\t<span class=\"g5core__lazy-image\" style=\"--g5-lazy-image-width: 193px;--g5-lazy-image-height: 77.720207253886%\"><img loading=\"lazy\" decoding=\"async\" class=\"g5core__ll-image \" src=\"https:\/\/mydelka.dnsite.pl\/wp-content\/plugins\/g5-core\/assets\/images\/placeholder-transparent.png\" width=\"193\" height=\"150\" data-src=\"http:\/\/mydelka.dnsite.pl\/wp-content\/uploads\/2026\/01\/CERTYFIKATY-logo_Rasa-Rodzima.svg\" loading=\"lazy\"><\/span>\t\t\t\t\t\t\t\t\t\t\t\t\t\t\t<\/div>\n\t\t\t\t<\/div>\n\t\t\t\t\t<\/div>\n\t\t<\/div>\n\t\t\t\t<div class=\"elementor-column elementor-col-50 elementor-inner-column elementor-element elementor-element-cc41c6e\" data-id=\"cc41c6e\" data-element_type=\"column\" data-e-type=\"column\">\n\t\t\t<div class=\"elementor-widget-wrap elementor-element-populated\">\n\t\t\t\t\t\t<div class=\"elementor-element elementor-element-97b6a4d elementor-widget elementor-widget-image\" data-id=\"97b6a4d\" data-element_type=\"widget\" data-e-type=\"widget\" data-widget_type=\"image.default\">\n\t\t\t\t<div class=\"elementor-widget-container\">\n\t\t\t\t\t\t\t\t\t\t\t\t\t\t\t<span class=\"g5core__lazy-image\" style=\"--g5-lazy-image-width: 193px;--g5-lazy-image-height: 77.720207253886%\"><img loading=\"lazy\" decoding=\"async\" class=\"g5core__ll-image \" src=\"https:\/\/mydelka.dnsite.pl\/wp-content\/plugins\/g5-core\/assets\/images\/placeholder-transparent.png\" width=\"193\" height=\"150\" data-src=\"http:\/\/mydelka.dnsite.pl\/wp-content\/uploads\/2026\/01\/CERTYFIKATY-logo_Rasa-Rodzima-Kon.svg\" loading=\"lazy\"><\/span>\t\t\t\t\t\t\t\t\t\t\t\t\t\t\t<\/div>\n\t\t\t\t<\/div>\n\t\t\t\t\t<\/div>\n\t\t<\/div>\n\t\t\t\t\t<\/div>\n\t\t<\/section>\n\t\t\t\t<div class=\"elementor-element elementor-element-5890c15 elementor-widget elementor-widget-text-editor\" data-id=\"5890c15\" data-element_type=\"widget\" data-e-type=\"widget\" data-widget_type=\"text-editor.default\">\n\t\t\t\t<div class=\"elementor-widget-container\">\n\t\t\t\t\t\t\t\t\t<p class=\"p1\">dem Zertifikat \u201eRasa Rodzima Ko\u0144 Sztumski\u201d (einheimische Rasse des Sztum-Pferdes) verliehen vom Institut f\u00fcr Zootechnik \u2013 Staatliches Forschungsinstitut<\/p>\t\t\t\t\t\t\t\t<\/div>\n\t\t\t\t<\/div>\n\t\t\t\t\t<\/div>\n\t\t<\/div>\n\t\t\t\t\t<\/div>\n\t\t<\/section>\n\t\t\t\t<section class=\"elementor-section elementor-inner-section elementor-element elementor-element-c50f8ee elementor-section-content-middle elementor-section-boxed elementor-section-height-default elementor-section-height-default\" data-id=\"c50f8ee\" data-element_type=\"section\" data-e-type=\"section\">\n\t\t\t\t\t\t<div class=\"elementor-container elementor-column-gap-no\">\n\t\t\t\t\t<div class=\"elementor-column elementor-col-50 elementor-inner-column elementor-element elementor-element-b215c87 order-2 el-order-lg-1\" data-id=\"b215c87\" data-element_type=\"column\" data-e-type=\"column\">\n\t\t\t<div class=\"elementor-widget-wrap elementor-element-populated\">\n\t\t\t\t\t\t<div class=\"elementor-element elementor-element-d559588 elementor-widget elementor-widget-image\" data-id=\"d559588\" data-element_type=\"widget\" data-e-type=\"widget\" data-widget_type=\"image.default\">\n\t\t\t\t<div class=\"elementor-widget-container\">\n\t\t\t\t\t\t\t\t\t\t\t\t\t\t\t<span class=\"g5core__lazy-image\" style=\"--g5-lazy-image-width: 228px;--g5-lazy-image-height: 65.789473684211%\"><img loading=\"lazy\" decoding=\"async\" class=\"g5core__ll-image \" src=\"https:\/\/mydelka.dnsite.pl\/wp-content\/plugins\/g5-core\/assets\/images\/placeholder-transparent.png\" width=\"228\" height=\"150\" data-src=\"http:\/\/mydelka.dnsite.pl\/wp-content\/uploads\/2026\/01\/CERTYFIKATY-logo_Dolina-Pilicy.svg\" loading=\"lazy\"><\/span>\t\t\t\t\t\t\t\t\t\t\t\t\t\t\t<\/div>\n\t\t\t\t<\/div>\n\t\t\t\t<div class=\"elementor-element elementor-element-3f7842a elementor-widget elementor-widget-text-editor\" data-id=\"3f7842a\" data-element_type=\"widget\" data-e-type=\"widget\" data-widget_type=\"text-editor.default\">\n\t\t\t\t<div class=\"elementor-widget-container\">\n\t\t\t\t\t\t\t\t\t<p class=\"p1\">dem Qualit\u00e4tszertifikat verliehen von Dolina Pilicy<\/p>\t\t\t\t\t\t\t\t<\/div>\n\t\t\t\t<\/div>\n\t\t\t\t\t<\/div>\n\t\t<\/div>\n\t\t\t\t<div class=\"elementor-column elementor-col-50 elementor-inner-column elementor-element elementor-element-d926dd2 order-1 el-order-lg-2\" data-id=\"d926dd2\" data-element_type=\"column\" data-e-type=\"column\">\n\t\t\t<div class=\"elementor-widget-wrap elementor-element-populated\">\n\t\t\t\t\t\t<div class=\"elementor-element elementor-element-ab337b1 elementor-widget elementor-widget-image\" data-id=\"ab337b1\" data-element_type=\"widget\" data-e-type=\"widget\" data-widget_type=\"image.default\">\n\t\t\t\t<div class=\"elementor-widget-container\">\n\t\t\t\t\t\t\t\t\t\t\t\t\t\t\t<img decoding=\"async\" src=\"http:\/\/mydelka.dnsite.pl\/wp-content\/uploads\/2026\/01\/mydlazmlekiemklaczy_certyfikat_Dolina-Pilicy.jpg\" title=\"\" alt=\"\" loading=\"lazy\" \/>\t\t\t\t\t\t\t\t\t\t\t\t\t\t\t<\/div>\n\t\t\t\t<\/div>\n\t\t\t\t\t<\/div>\n\t\t<\/div>\n\t\t\t\t\t<\/div>\n\t\t<\/section>\n\t\t\t\t\t<\/div>\n\t\t<\/div>\n\t\t\t\t\t<\/div>\n\t\t<\/section>\n\t\t\t\t<\/div>\n\t\t","protected":false},"excerpt":{"rendered":"<p>Bew\u00e4hrte Qualit\u00e4t Zertifikate Unsere Zertifizierungen Unsere Produkte werden aus Rohstoffen h\u00f6chster Qualit\u00e4t hergestellt.Die vorliegenden Zertifikate best\u00e4tigen ihre nat\u00fcrliche Herkunft und bew\u00e4hrte Qualit\u00e4t. dem Zertifikat \u201eRasa Rodzima Ko\u0144 Sztumski\u201d (einheimische Rasse des Sztum-Pferdes) verliehen vom Institut f\u00fcr Zootechnik \u2013 Staatliches Forschungsinstitut dem Qualit\u00e4tszertifikat verliehen von Dolina Pilicy<\/p>\n","protected":false},"author":1,"featured_media":0,"parent":0,"menu_order":0,"comment_status":"closed","ping_status":"closed","template":"","meta":{"_acf_changed":false,"footnotes":""},"class_list":["post-6069","page","type-page","status-publish","hentry"],"acf":[],"_links":{"self":[{"href":"https:\/\/mydelka.dnsite.pl\/de\/wp-json\/wp\/v2\/pages\/6069","targetHints":{"allow":["GET"]}}],"collection":[{"href":"https:\/\/mydelka.dnsite.pl\/de\/wp-json\/wp\/v2\/pages"}],"about":[{"href":"https:\/\/mydelka.dnsite.pl\/de\/wp-json\/wp\/v2\/types\/page"}],"author":[{"embeddable":true,"href":"https:\/\/mydelka.dnsite.pl\/de\/wp-json\/wp\/v2\/users\/1"}],"replies":[{"embeddable":true,"href":"https:\/\/mydelka.dnsite.pl\/de\/wp-json\/wp\/v2\/comments?post=6069"}],"version-history":[{"count":4,"href":"https:\/\/mydelka.dnsite.pl\/de\/wp-json\/wp\/v2\/pages\/6069\/revisions"}],"predecessor-version":[{"id":6094,"href":"https:\/\/mydelka.dnsite.pl\/de\/wp-json\/wp\/v2\/pages\/6069\/revisions\/6094"}],"wp:attachment":[{"href":"https:\/\/mydelka.dnsite.pl\/de\/wp-json\/wp\/v2\/media?parent=6069"}],"curies":[{"name":"wp","href":"https:\/\/api.w.org\/{rel}","templated":true}]}}