{"id":6064,"date":"2026-01-17T17:36:33","date_gmt":"2026-01-17T16:36:33","guid":{"rendered":"https:\/\/mydelka.dnsite.pl\/?page_id=6064"},"modified":"2026-01-21T22:51:12","modified_gmt":"2026-01-21T21:51:12","slug":"stutenmilch","status":"publish","type":"page","link":"https:\/\/mydelka.dnsite.pl\/de\/stutenmilch\/","title":{"rendered":"STUTENMILCH"},"content":{"rendered":"\t\t<div data-elementor-type=\"wp-page\" data-elementor-id=\"6064\" class=\"elementor elementor-6064 elementor-5365\">\n\t\t\t\t\t\t<section class=\"g5core__ll-background elementor-section elementor-top-section elementor-element elementor-element-5d34844 elementor-section-stretched elementor-section-boxed elementor-section-height-default elementor-section-height-default\" data-bg=\"http:\/\/mydelka.dnsite.pl\/wp-content\/uploads\/2026\/01\/mydlazmlekaklaczy_mleko_konie.jpg\" data-id=\"5d34844\" data-element_type=\"section\" data-e-type=\"section\" data-settings=\"{&quot;stretch_section&quot;:&quot;section-stretched&quot;,&quot;background_background&quot;:&quot;classic&quot;}\">\n\t\t\t\t\t\t<div class=\"elementor-container elementor-column-gap-default\">\n\t\t\t\t\t<div class=\"elementor-column elementor-col-100 elementor-top-column elementor-element elementor-element-9fbee4b\" data-id=\"9fbee4b\" data-element_type=\"column\" data-e-type=\"column\">\n\t\t\t<div class=\"elementor-widget-wrap elementor-element-populated\">\n\t\t\t\t\t\t<div class=\"elementor-element elementor-element-0a6af39 elementor-widget elementor-widget-ube-heading\" data-id=\"0a6af39\" data-element_type=\"widget\" data-e-type=\"widget\" data-widget_type=\"ube-heading.default\">\n\t\t\t\t<div class=\"elementor-widget-container\">\n\t\t\t\t\t<div class=\"ube-heading\">\n\t<h6 class=\"ube-heading-sub-title\" >Der Hauptbestandteil unserer Seifen<\/h6><h2 class=\"ube-heading-title\">STUTENMILCH<\/h2><\/div>\t\t\t\t<\/div>\n\t\t\t\t<\/div>\n\t\t\t\t\t<\/div>\n\t\t<\/div>\n\t\t\t\t\t<\/div>\n\t\t<\/section>\n\t\t\t\t<section class=\"elementor-section elementor-top-section elementor-element elementor-element-7a76a1a elementor-section-boxed elementor-section-height-default elementor-section-height-default\" data-id=\"7a76a1a\" data-element_type=\"section\" data-e-type=\"section\">\n\t\t\t\t\t\t<div class=\"elementor-container elementor-column-gap-default\">\n\t\t\t\t\t<div class=\"elementor-column elementor-col-100 elementor-top-column elementor-element elementor-element-0a37567\" data-id=\"0a37567\" data-element_type=\"column\" data-e-type=\"column\">\n\t\t\t<div class=\"elementor-widget-wrap elementor-element-populated\">\n\t\t\t\t\t\t<section class=\"elementor-section elementor-inner-section elementor-element elementor-element-fee06b1 elementor-section-boxed elementor-section-height-default elementor-section-height-default\" data-id=\"fee06b1\" data-element_type=\"section\" data-e-type=\"section\">\n\t\t\t\t\t\t<div class=\"elementor-container elementor-column-gap-default\">\n\t\t\t\t\t<div class=\"elementor-column elementor-col-100 elementor-inner-column elementor-element elementor-element-fe17081\" data-id=\"fe17081\" data-element_type=\"column\" data-e-type=\"column\">\n\t\t\t<div class=\"elementor-widget-wrap elementor-element-populated\">\n\t\t\t\t\t\t<div class=\"elementor-element elementor-element-5adc3ab elementor-widget elementor-widget-image\" data-id=\"5adc3ab\" data-element_type=\"widget\" data-e-type=\"widget\" data-widget_type=\"image.default\">\n\t\t\t\t<div class=\"elementor-widget-container\">\n\t\t\t\t\t\t\t\t\t\t\t\t\t\t\t<img decoding=\"async\" src=\"http:\/\/mydelka.dnsite.pl\/wp-content\/uploads\/2021\/10\/image-box-11.jpg\" title=\"\" alt=\"\" loading=\"lazy\" \/>\t\t\t\t\t\t\t\t\t\t\t\t\t\t\t<\/div>\n\t\t\t\t<\/div>\n\t\t\t\t<div class=\"elementor-element elementor-element-508245e elementor-align-center elementor-widget elementor-widget-ube-heading\" data-id=\"508245e\" data-element_type=\"widget\" data-e-type=\"widget\" data-widget_type=\"ube-heading.default\">\n\t\t\t\t<div class=\"elementor-widget-container\">\n\t\t\t\t\t<div class=\"ube-heading\">\n\t<h2 class=\"ube-heading-title\">Sie ist ein wahres Geschenk der Natur <\/h2><\/div>\t\t\t\t<\/div>\n\t\t\t\t<\/div>\n\t\t\t\t<div class=\"elementor-element elementor-element-fd6197e elementor-widget__width-initial elementor-widget elementor-widget-text-editor\" data-id=\"fd6197e\" data-element_type=\"widget\" data-e-type=\"widget\" data-widget_type=\"text-editor.default\">\n\t\t\t\t<div class=\"elementor-widget-container\">\n\t\t\t\t\t\t\t\t\t<p class=\"p1\">Sie ist ein wahres Geschenk der Natur \u2013 reich an einfach und mehrfach unges\u00e4ttigten Fetts\u00e4uren, den Vitaminen A, C, E, F und B-Vitaminen (B1, B2, B6, B12) sowie wertvollen Mineralstoffen wie Kalzium, Zink, Eisen, Molybd\u00e4n und Selen.<b><br \/><\/b><\/p>\t\t\t\t\t\t\t\t<\/div>\n\t\t\t\t<\/div>\n\t\t\t\t\t<\/div>\n\t\t<\/div>\n\t\t\t\t\t<\/div>\n\t\t<\/section>\n\t\t\t\t\t<\/div>\n\t\t<\/div>\n\t\t\t\t\t<\/div>\n\t\t<\/section>\n\t\t\t\t<section class=\"elementor-section elementor-top-section elementor-element elementor-element-6802109 elementor-section-content-middle elementor-section-boxed elementor-section-height-default elementor-section-height-default\" data-id=\"6802109\" data-element_type=\"section\" data-e-type=\"section\">\n\t\t\t\t\t\t<div class=\"elementor-container elementor-column-gap-default\">\n\t\t\t\t\t<div class=\"elementor-column elementor-col-100 elementor-top-column elementor-element elementor-element-cc2d091\" data-id=\"cc2d091\" data-element_type=\"column\" data-e-type=\"column\">\n\t\t\t<div class=\"elementor-widget-wrap elementor-element-populated\">\n\t\t\t\t\t\t<section class=\"elementor-section elementor-inner-section elementor-element elementor-element-88f4165 elementor-section-content-middle elementor-section-boxed elementor-section-height-default elementor-section-height-default\" data-id=\"88f4165\" data-element_type=\"section\" data-e-type=\"section\">\n\t\t\t\t\t\t<div class=\"elementor-container elementor-column-gap-no\">\n\t\t\t\t\t<div class=\"elementor-column elementor-col-50 elementor-inner-column elementor-element elementor-element-c77b4d0\" data-id=\"c77b4d0\" data-element_type=\"column\" data-e-type=\"column\">\n\t\t\t<div class=\"elementor-widget-wrap elementor-element-populated\">\n\t\t\t\t\t\t<div class=\"elementor-element elementor-element-259a92d elementor-widget elementor-widget-image\" data-id=\"259a92d\" data-element_type=\"widget\" data-e-type=\"widget\" data-widget_type=\"image.default\">\n\t\t\t\t<div class=\"elementor-widget-container\">\n\t\t\t\t\t\t\t\t\t\t\t\t\t\t\t<img decoding=\"async\" src=\"http:\/\/mydelka.dnsite.pl\/wp-content\/uploads\/2026\/01\/mydlazmlekaklaczy_stadnina_konie.jpg\" title=\"\" alt=\"\" loading=\"lazy\" \/>\t\t\t\t\t\t\t\t\t\t\t\t\t\t\t<\/div>\n\t\t\t\t<\/div>\n\t\t\t\t\t<\/div>\n\t\t<\/div>\n\t\t\t\t<div class=\"elementor-column elementor-col-50 elementor-inner-column elementor-element elementor-element-fe83c83\" data-id=\"fe83c83\" data-element_type=\"column\" data-e-type=\"column\">\n\t\t\t<div class=\"elementor-widget-wrap elementor-element-populated\">\n\t\t\t\t\t\t<div class=\"elementor-element elementor-element-7aa7514 elementor-align-left elementor-widget elementor-widget-ube-heading\" data-id=\"7aa7514\" data-element_type=\"widget\" data-e-type=\"widget\" data-widget_type=\"ube-heading.default\">\n\t\t\t\t<div class=\"elementor-widget-container\">\n\t\t\t\t\t<div class=\"ube-heading\">\n\t<h2 class=\"ube-heading-title\">Nat\u00fcrliches Gleichgewicht<\/h2><div class=\"ube-heading-description\"><p class=\"p1\">Das enthaltene Laktoferrin und Lysozym weisen stark antibakterielle, antimykotische und entz\u00fcndungshemmende Eigenschaften auf. Stutenmilch unterst\u00fctzt die nat\u00fcrliche Regeneration der Haut, lindert Entz\u00fcndungen, beschleunigt die Zellerneuerung und verlangsamt die Alterungsprozesse. Dank der enthaltenen Omega-3- und Omega-6-Fetts\u00e4uren unterst\u00fctzt sie das nat\u00fcrliche Gleichgewicht der Haut und lindert Beschwerden bei Erkrankungen wie Psoriasis, Ekzemen, Neurodermitis und Akne.<\/p><\/div><\/div>\t\t\t\t<\/div>\n\t\t\t\t<\/div>\n\t\t\t\t\t<\/div>\n\t\t<\/div>\n\t\t\t\t\t<\/div>\n\t\t<\/section>\n\t\t\t\t\t<\/div>\n\t\t<\/div>\n\t\t\t\t\t<\/div>\n\t\t<\/section>\n\t\t\t\t<section class=\"elementor-section elementor-top-section elementor-element elementor-element-16e48f9 elementor-section-boxed elementor-section-height-default elementor-section-height-default\" data-id=\"16e48f9\" data-element_type=\"section\" data-e-type=\"section\">\n\t\t\t\t\t\t<div class=\"elementor-container elementor-column-gap-default\">\n\t\t\t\t\t<div class=\"elementor-column elementor-col-100 elementor-top-column elementor-element elementor-element-83c4396\" data-id=\"83c4396\" data-element_type=\"column\" data-e-type=\"column\">\n\t\t\t<div class=\"elementor-widget-wrap elementor-element-populated\">\n\t\t\t\t\t\t<div class=\"elementor-element elementor-element-cea31eb elementor-align-center elementor-widget elementor-widget-ube-heading\" data-id=\"cea31eb\" data-element_type=\"widget\" data-e-type=\"widget\" data-widget_type=\"ube-heading.default\">\n\t\t\t\t<div class=\"elementor-widget-container\">\n\t\t\t\t\t<div class=\"ube-heading\">\n\t<h2 class=\"ube-heading-title\">Sie n\u00e4hrt, pflegt und gl\u00e4ttet die Haut und verleiht ihr ein geschmeidiges, strahlendes Aussehen.<\/h2><\/div>\t\t\t\t<\/div>\n\t\t\t\t<\/div>\n\t\t\t\t\t<\/div>\n\t\t<\/div>\n\t\t\t\t\t<\/div>\n\t\t<\/section>\n\t\t\t\t<\/div>\n\t\t","protected":false},"excerpt":{"rendered":"<p>Der Hauptbestandteil unserer Seifen STUTENMILCH Sie ist ein wahres Geschenk der Natur Sie ist ein wahres Geschenk der Natur \u2013 reich an einfach und mehrfach unges\u00e4ttigten Fetts\u00e4uren, den Vitaminen A, C, E, F und B-Vitaminen (B1, B2, B6, B12) sowie wertvollen Mineralstoffen wie Kalzium, Zink, Eisen, Molybd\u00e4n und Selen. Nat\u00fcrliches Gleichgewicht Das enthaltene Laktoferrin und [&hellip;]<\/p>\n","protected":false},"author":1,"featured_media":0,"parent":0,"menu_order":0,"comment_status":"closed","ping_status":"closed","template":"","meta":{"_acf_changed":false,"footnotes":""},"class_list":["post-6064","page","type-page","status-publish","hentry"],"acf":[],"_links":{"self":[{"href":"https:\/\/mydelka.dnsite.pl\/de\/wp-json\/wp\/v2\/pages\/6064","targetHints":{"allow":["GET"]}}],"collection":[{"href":"https:\/\/mydelka.dnsite.pl\/de\/wp-json\/wp\/v2\/pages"}],"about":[{"href":"https:\/\/mydelka.dnsite.pl\/de\/wp-json\/wp\/v2\/types\/page"}],"author":[{"embeddable":true,"href":"https:\/\/mydelka.dnsite.pl\/de\/wp-json\/wp\/v2\/users\/1"}],"replies":[{"embeddable":true,"href":"https:\/\/mydelka.dnsite.pl\/de\/wp-json\/wp\/v2\/comments?post=6064"}],"version-history":[{"count":4,"href":"https:\/\/mydelka.dnsite.pl\/de\/wp-json\/wp\/v2\/pages\/6064\/revisions"}],"predecessor-version":[{"id":6091,"href":"https:\/\/mydelka.dnsite.pl\/de\/wp-json\/wp\/v2\/pages\/6064\/revisions\/6091"}],"wp:attachment":[{"href":"https:\/\/mydelka.dnsite.pl\/de\/wp-json\/wp\/v2\/media?parent=6064"}],"curies":[{"name":"wp","href":"https:\/\/api.w.org\/{rel}","templated":true}]}}