{"id":6061,"date":"2021-10-16T03:06:19","date_gmt":"2021-10-16T01:06:19","guid":{"rendered":"https:\/\/mydelka.dnsite.pl\/?page_id=6061"},"modified":"2026-01-26T12:00:17","modified_gmt":"2026-01-26T11:00:17","slug":"ueber-uns","status":"publish","type":"page","link":"https:\/\/mydelka.dnsite.pl\/de\/ueber-uns\/","title":{"rendered":"\u00dcBER UNS"},"content":{"rendered":"\t\t<div data-elementor-type=\"wp-page\" data-elementor-id=\"6061\" class=\"elementor elementor-6061 elementor-1633\">\n\t\t\t\t\t\t<section class=\"g5core__ll-background elementor-section elementor-top-section elementor-element elementor-element-617389b3b41b6 elementor-section-stretched elementor-section-boxed elementor-section-height-default elementor-section-height-default\" data-bg=\"http:\/\/mydelka.dnsite.pl\/wp-content\/uploads\/2026\/01\/mydlazmlekaklaczy_cala_kolekcja.jpg\" data-id=\"617389b3b41b6\" data-element_type=\"section\" data-e-type=\"section\" data-settings=\"{&quot;stretch_section&quot;:&quot;section-stretched&quot;,&quot;background_background&quot;:&quot;classic&quot;}\">\n\t\t\t\t\t\t<div class=\"elementor-container elementor-column-gap-default\">\n\t\t\t\t\t<div class=\"elementor-column elementor-col-100 elementor-top-column elementor-element elementor-element-87c5190\" data-id=\"87c5190\" data-element_type=\"column\" data-e-type=\"column\">\n\t\t\t<div class=\"elementor-widget-wrap elementor-element-populated\">\n\t\t\t\t\t\t<div class=\"elementor-element elementor-element-a9ea5ee elementor-widget elementor-widget-ube-heading\" data-id=\"a9ea5ee\" data-element_type=\"widget\" data-e-type=\"widget\" data-widget_type=\"ube-heading.default\">\n\t\t\t\t<div class=\"elementor-widget-container\">\n\t\t\t\t\t<div class=\"ube-heading\">\n\t<h6 class=\"ube-heading-sub-title\" >Erfahren Sie mehr<\/h6><h2 class=\"ube-heading-title\">\u00dcBER UNS<\/h2><\/div>\t\t\t\t<\/div>\n\t\t\t\t<\/div>\n\t\t\t\t\t<\/div>\n\t\t<\/div>\n\t\t\t\t\t<\/div>\n\t\t<\/section>\n\t\t\t\t<section class=\"elementor-section elementor-top-section elementor-element elementor-element-61738b3ebe7a4 elementor-section-boxed elementor-section-height-default elementor-section-height-default\" data-id=\"61738b3ebe7a4\" data-element_type=\"section\" data-e-type=\"section\">\n\t\t\t\t\t\t<div class=\"elementor-container elementor-column-gap-default\">\n\t\t\t\t\t<div class=\"elementor-column elementor-col-100 elementor-top-column elementor-element elementor-element-7b62415\" data-id=\"7b62415\" data-element_type=\"column\" data-e-type=\"column\">\n\t\t\t<div class=\"elementor-widget-wrap elementor-element-populated\">\n\t\t\t\t\t\t<section class=\"elementor-section elementor-inner-section elementor-element elementor-element-e6419f9 elementor-section-boxed elementor-section-height-default elementor-section-height-default\" data-id=\"e6419f9\" data-element_type=\"section\" data-e-type=\"section\">\n\t\t\t\t\t\t<div class=\"elementor-container elementor-column-gap-default\">\n\t\t\t\t\t<div class=\"elementor-column elementor-col-100 elementor-inner-column elementor-element elementor-element-8f70357\" data-id=\"8f70357\" data-element_type=\"column\" data-e-type=\"column\">\n\t\t\t<div class=\"elementor-widget-wrap elementor-element-populated\">\n\t\t\t\t\t\t<div class=\"elementor-element elementor-element-66a5a1c elementor-widget elementor-widget-image\" data-id=\"66a5a1c\" data-element_type=\"widget\" data-e-type=\"widget\" data-widget_type=\"image.default\">\n\t\t\t\t<div class=\"elementor-widget-container\">\n\t\t\t\t\t\t\t\t\t\t\t\t\t\t\t<img decoding=\"async\" src=\"http:\/\/mydelka.dnsite.pl\/wp-content\/uploads\/2021\/10\/image-box-11.jpg\" title=\"\" alt=\"\" loading=\"lazy\" \/>\t\t\t\t\t\t\t\t\t\t\t\t\t\t\t<\/div>\n\t\t\t\t<\/div>\n\t\t\t\t<div class=\"elementor-element elementor-element-9909b05 elementor-align-center elementor-widget elementor-widget-ube-heading\" data-id=\"9909b05\" data-element_type=\"widget\" data-e-type=\"widget\" data-widget_type=\"ube-heading.default\">\n\t\t\t\t<div class=\"elementor-widget-container\">\n\t\t\t\t\t<div class=\"ube-heading\">\n\t<h2 class=\"ube-heading-title\">Ein einzigartiger Ort in \u015awieciech\u00f3w im Landkreis Opoczno.<\/h2><\/div>\t\t\t\t<\/div>\n\t\t\t\t<\/div>\n\t\t\t\t<div class=\"elementor-element elementor-element-77f8480 elementor-widget__width-initial elementor-widget elementor-widget-text-editor\" data-id=\"77f8480\" data-element_type=\"widget\" data-e-type=\"widget\" data-widget_type=\"text-editor.default\">\n\t\t\t\t<div class=\"elementor-widget-container\">\n\t\t\t\t\t\t\t\t\t<p class=\"p1\">Die Manufaktur \u201eManufaktura Marci\u0144czak\u201c ist ein einzigartiger Ort in \u015awieciech\u00f3w im Landkreis Opoczno. Hier befindet sich eine der wenigen Zuchten der Sztumski Pferde in Polen und zugleich die einzige im Land, in der aus Stutenmilch nat\u00fcrliche, gesundheitsf\u00f6rdernde Seifen hergestellt werden.<\/p>\t\t\t\t\t\t\t\t<\/div>\n\t\t\t\t<\/div>\n\t\t\t\t\t<\/div>\n\t\t<\/div>\n\t\t\t\t\t<\/div>\n\t\t<\/section>\n\t\t\t\t\t<\/div>\n\t\t<\/div>\n\t\t\t\t\t<\/div>\n\t\t<\/section>\n\t\t\t\t<section class=\"elementor-section elementor-top-section elementor-element elementor-element-61738b3ebe7a6 elementor-section-content-middle elementor-section-boxed elementor-section-height-default elementor-section-height-default\" data-id=\"61738b3ebe7a6\" data-element_type=\"section\" data-e-type=\"section\">\n\t\t\t\t\t\t<div class=\"elementor-container elementor-column-gap-default\">\n\t\t\t\t\t<div class=\"elementor-column elementor-col-100 elementor-top-column elementor-element elementor-element-1f5d591\" data-id=\"1f5d591\" data-element_type=\"column\" data-e-type=\"column\">\n\t\t\t<div class=\"elementor-widget-wrap elementor-element-populated\">\n\t\t\t\t\t\t<section class=\"elementor-section elementor-inner-section elementor-element elementor-element-cb8afd3 elementor-section-content-middle elementor-section-boxed elementor-section-height-default elementor-section-height-default\" data-id=\"cb8afd3\" data-element_type=\"section\" data-e-type=\"section\">\n\t\t\t\t\t\t<div class=\"elementor-container elementor-column-gap-no\">\n\t\t\t\t\t<div class=\"elementor-column elementor-col-50 elementor-inner-column elementor-element elementor-element-0808d19\" data-id=\"0808d19\" data-element_type=\"column\" data-e-type=\"column\">\n\t\t\t<div class=\"elementor-widget-wrap elementor-element-populated\">\n\t\t\t\t\t\t<div class=\"elementor-element elementor-element-ae8fd6a elementor-widget elementor-widget-image\" data-id=\"ae8fd6a\" data-element_type=\"widget\" data-e-type=\"widget\" data-widget_type=\"image.default\">\n\t\t\t\t<div class=\"elementor-widget-container\">\n\t\t\t\t\t\t\t\t\t\t\t\t\t\t\t<img decoding=\"async\" src=\"http:\/\/mydelka.dnsite.pl\/wp-content\/uploads\/2026\/01\/mydlazmlekiemklaczy_stadnina-koni.jpg\" title=\"\" alt=\"\" loading=\"lazy\" \/>\t\t\t\t\t\t\t\t\t\t\t\t\t\t\t<\/div>\n\t\t\t\t<\/div>\n\t\t\t\t\t<\/div>\n\t\t<\/div>\n\t\t\t\t<div class=\"elementor-column elementor-col-50 elementor-inner-column elementor-element elementor-element-653a134\" data-id=\"653a134\" data-element_type=\"column\" data-e-type=\"column\">\n\t\t\t<div class=\"elementor-widget-wrap elementor-element-populated\">\n\t\t\t\t\t\t<div class=\"elementor-element elementor-element-9a1f063 elementor-align-left elementor-widget elementor-widget-ube-heading\" data-id=\"9a1f063\" data-element_type=\"widget\" data-e-type=\"widget\" data-widget_type=\"ube-heading.default\">\n\t\t\t\t<div class=\"elementor-widget-container\">\n\t\t\t\t\t<div class=\"ube-heading\">\n\t<h2 class=\"ube-heading-title\">Unser Gest\u00fct<\/h2><div class=\"ube-heading-description\"><p class=\"p1\">Unser Gest\u00fct z\u00e4hlt rund 50 Pferde. Die meisten von ihnen sind Stuten (ausgewachsene und junge), und jedes Pferd hat seinen eigenen Namen und wird mit F\u00fcrsorge, Respekt und einer t\u00e4glichen Portion Zuneigung behandelt Die Betreuung \u00fcbernimmt Katarzyna Marci\u0144czak, f\u00fcr die Pferde nicht nur Arbeit, sondern vor allem eine Lebensleidenschaft geworden sind. Obwohl sie fr\u00fcher Angst vor ihnen hatte, versteht sie sie heute ohne Worte und sie reagieren auf den Klang ihrer Stimme.<\/p><p>\u00a0<\/p><p class=\"p1\">Die Zucht der Sztumski Pferden \u2013 des schwersten Typs unter den Kaltblutpferden \u2013 entwickelt sich hier seit \u00fcber zehn Jahren. Alles begann mit einer Stute, die im Hinblick auf Katarzynas Tochter gekauft wurde. Mit der Zeit entwickelte sich aus einem kleinen Traum ein gro\u00dfes Familiengest\u00fct, das heute \u00fcber 130 Hektar umfasst und im Rahmen eines Programms zum Schutz dieser wertvollen Rasse t\u00e4tig ist.<\/p><\/div><\/div>\t\t\t\t<\/div>\n\t\t\t\t<\/div>\n\t\t\t\t\t<\/div>\n\t\t<\/div>\n\t\t\t\t\t<\/div>\n\t\t<\/section>\n\t\t\t\t<section class=\"elementor-section elementor-inner-section elementor-element elementor-element-60288fe elementor-section-content-middle elementor-section-boxed elementor-section-height-default elementor-section-height-default\" data-id=\"60288fe\" data-element_type=\"section\" data-e-type=\"section\">\n\t\t\t\t\t\t<div class=\"elementor-container elementor-column-gap-no\">\n\t\t\t\t\t<div class=\"elementor-column elementor-col-50 elementor-inner-column elementor-element elementor-element-87019dd order-2 el-order-lg-1\" data-id=\"87019dd\" data-element_type=\"column\" data-e-type=\"column\">\n\t\t\t<div class=\"elementor-widget-wrap elementor-element-populated\">\n\t\t\t\t\t\t<div class=\"elementor-element elementor-element-6d35a9d elementor-align-left elementor-widget elementor-widget-ube-heading\" data-id=\"6d35a9d\" data-element_type=\"widget\" data-e-type=\"widget\" data-widget_type=\"ube-heading.default\">\n\t\t\t\t<div class=\"elementor-widget-container\">\n\t\t\t\t\t<div class=\"ube-heading\">\n\t<h2 class=\"ube-heading-title\">Der Durchbruch<\/h2><div class=\"ube-heading-description\"><p class=\"p1\">Der Durchbruch kam im Jahr 2021, als die Idee aufkam, Milch von Stuten zu gewinnen. Diese Milch ist besonders leicht verdaulich, reich an nat\u00fcrlichen, das Immunsystem unterst\u00fctzenden Inhaltsstoffen und sanft zur Haut. Wir nutzen sie auf vielf\u00e4ltige Weise \u2013 sie gelangt zu lokalen Abnehmern, zu Herstellern von<\/p><p>\u00a0<\/p><p class=\"p1\">Nahrungserg\u00e4nzungsmitteln und Dermokosmetika und vor allem in unsere eigene Manufaktur.<\/p><\/div><\/div>\t\t\t\t<\/div>\n\t\t\t\t<\/div>\n\t\t\t\t\t<\/div>\n\t\t<\/div>\n\t\t\t\t<div class=\"elementor-column elementor-col-50 elementor-inner-column elementor-element elementor-element-e6906a0 order-1 el-order-lg-2\" data-id=\"e6906a0\" data-element_type=\"column\" data-e-type=\"column\">\n\t\t\t<div class=\"elementor-widget-wrap elementor-element-populated\">\n\t\t\t\t\t\t<div class=\"elementor-element elementor-element-0897b9e elementor-widget elementor-widget-image\" data-id=\"0897b9e\" data-element_type=\"widget\" data-e-type=\"widget\" data-widget_type=\"image.default\">\n\t\t\t\t<div class=\"elementor-widget-container\">\n\t\t\t\t\t\t\t\t\t\t\t\t\t\t\t<img decoding=\"async\" src=\"http:\/\/mydelka.dnsite.pl\/wp-content\/uploads\/2026\/01\/mydlazmlekaklaczy_produkcja.jpg\" title=\"\" alt=\"\" loading=\"lazy\" \/>\t\t\t\t\t\t\t\t\t\t\t\t\t\t\t<\/div>\n\t\t\t\t<\/div>\n\t\t\t\t\t<\/div>\n\t\t<\/div>\n\t\t\t\t\t<\/div>\n\t\t<\/section>\n\t\t\t\t<section class=\"elementor-section elementor-inner-section elementor-element elementor-element-3ae63ae elementor-section-content-middle elementor-section-boxed elementor-section-height-default elementor-section-height-default\" data-id=\"3ae63ae\" data-element_type=\"section\" data-e-type=\"section\">\n\t\t\t\t\t\t<div class=\"elementor-container elementor-column-gap-no\">\n\t\t\t\t\t<div class=\"elementor-column elementor-col-50 elementor-inner-column elementor-element elementor-element-acb3dfb\" data-id=\"acb3dfb\" data-element_type=\"column\" data-e-type=\"column\">\n\t\t\t<div class=\"elementor-widget-wrap elementor-element-populated\">\n\t\t\t\t\t\t<div class=\"elementor-element elementor-element-1fc71f1 elementor-widget elementor-widget-image\" data-id=\"1fc71f1\" data-element_type=\"widget\" data-e-type=\"widget\" data-widget_type=\"image.default\">\n\t\t\t\t<div class=\"elementor-widget-container\">\n\t\t\t\t\t\t\t\t\t\t\t\t\t\t\t<img decoding=\"async\" src=\"http:\/\/mydelka.dnsite.pl\/wp-content\/uploads\/2026\/01\/mydlazmlekaklaczy.jpg\" title=\"\" alt=\"\" loading=\"lazy\" \/>\t\t\t\t\t\t\t\t\t\t\t\t\t\t\t<\/div>\n\t\t\t\t<\/div>\n\t\t\t\t\t<\/div>\n\t\t<\/div>\n\t\t\t\t<div class=\"elementor-column elementor-col-50 elementor-inner-column elementor-element elementor-element-693aa9b\" data-id=\"693aa9b\" data-element_type=\"column\" data-e-type=\"column\">\n\t\t\t<div class=\"elementor-widget-wrap elementor-element-populated\">\n\t\t\t\t\t\t<div class=\"elementor-element elementor-element-9aabe9d elementor-align-left elementor-widget elementor-widget-ube-heading\" data-id=\"9aabe9d\" data-element_type=\"widget\" data-e-type=\"widget\" data-widget_type=\"ube-heading.default\">\n\t\t\t\t<div class=\"elementor-widget-container\">\n\t\t\t\t\t<div class=\"ube-heading\">\n\t<h2 class=\"ube-heading-title\">Unsere Produkte<\/h2><div class=\"ube-heading-description\"><p class=\"p1\">Aus der Stutenmilch entstehen die handgefertigten Seifen der Manufaktur \u201eManufaktura Marci\u0144czak\u201c. Wir stellen sie nach eigenen Rezepturen her, in Zusammenarbeit mit Spezialisten f\u00fcr nat\u00fcrliche Hautpflege. Jede Seife verf\u00fcgt \u00fcber best\u00e4tigte gesundheitsf\u00f6rdernde Eigenschaften \u2013 sie hilft bei Hautproblemen, regeneriert die Epidermis und unterst\u00fctzt das nat\u00fcrliche Gleichgewicht der Haut.<\/p><p>\u00a0<\/p><p class=\"p1\">Unsere Produkte sind landesweit einzigartig und direkt bei uns sowie auf M\u00e4rkten und Veranstaltungen zur F\u00f6rderung lokaler Marken erh\u00e4ltlich.<\/p><\/div><\/div>\t\t\t\t<\/div>\n\t\t\t\t<\/div>\n\t\t\t\t\t<\/div>\n\t\t<\/div>\n\t\t\t\t\t<\/div>\n\t\t<\/section>\n\t\t\t\t\t<\/div>\n\t\t<\/div>\n\t\t\t\t\t<\/div>\n\t\t<\/section>\n\t\t\t\t<section class=\"elementor-section elementor-top-section elementor-element elementor-element-ec08c56 elementor-section-boxed elementor-section-height-default elementor-section-height-default\" data-id=\"ec08c56\" data-element_type=\"section\" data-e-type=\"section\">\n\t\t\t\t\t\t<div class=\"elementor-container elementor-column-gap-default\">\n\t\t\t\t\t<div class=\"elementor-column elementor-col-100 elementor-top-column elementor-element elementor-element-ef7bd85\" data-id=\"ef7bd85\" data-element_type=\"column\" data-e-type=\"column\">\n\t\t\t<div class=\"elementor-widget-wrap elementor-element-populated\">\n\t\t\t\t\t\t<div class=\"elementor-element elementor-element-7218638 elementor-align-center elementor-widget elementor-widget-ube-heading\" data-id=\"7218638\" data-element_type=\"widget\" data-e-type=\"widget\" data-widget_type=\"ube-heading.default\">\n\t\t\t\t<div class=\"elementor-widget-container\">\n\t\t\t\t\t<div class=\"ube-heading\">\n\t<h2 class=\"ube-heading-title\">Die Manufaktur \u201eManufaktura Marci\u0144czak\u201c ist eine Verbindung aus Liebe zu Pferden, Respekt vor der Natur und dem Mut, einzigartige Dinge zu schaffen. Es ist eine Geschichte dar\u00fcber, wie Leidenschaft zu einer Lebensweise werden kann \u2013 im Einklang mit der Natur und den Menschen.<\/h2><\/div>\t\t\t\t<\/div>\n\t\t\t\t<\/div>\n\t\t\t\t\t<\/div>\n\t\t<\/div>\n\t\t\t\t\t<\/div>\n\t\t<\/section>\n\t\t\t\t<\/div>\n\t\t","protected":false},"excerpt":{"rendered":"<p>Erfahren Sie mehr \u00dcBER UNS Ein einzigartiger Ort in \u015awieciech\u00f3w im Landkreis Opoczno. Die Manufaktur \u201eManufaktura Marci\u0144czak\u201c ist ein einzigartiger Ort in \u015awieciech\u00f3w im Landkreis Opoczno. Hier befindet sich eine der wenigen Zuchten der Sztumski Pferde in Polen und zugleich die einzige im Land, in der aus Stutenmilch nat\u00fcrliche, gesundheitsf\u00f6rdernde Seifen hergestellt werden. Unser Gest\u00fct [&hellip;]<\/p>\n","protected":false},"author":1,"featured_media":0,"parent":0,"menu_order":0,"comment_status":"closed","ping_status":"closed","template":"","meta":{"_acf_changed":false,"footnotes":""},"class_list":["post-6061","page","type-page","status-publish","hentry"],"acf":[],"_links":{"self":[{"href":"https:\/\/mydelka.dnsite.pl\/de\/wp-json\/wp\/v2\/pages\/6061","targetHints":{"allow":["GET"]}}],"collection":[{"href":"https:\/\/mydelka.dnsite.pl\/de\/wp-json\/wp\/v2\/pages"}],"about":[{"href":"https:\/\/mydelka.dnsite.pl\/de\/wp-json\/wp\/v2\/types\/page"}],"author":[{"embeddable":true,"href":"https:\/\/mydelka.dnsite.pl\/de\/wp-json\/wp\/v2\/users\/1"}],"replies":[{"embeddable":true,"href":"https:\/\/mydelka.dnsite.pl\/de\/wp-json\/wp\/v2\/comments?post=6061"}],"version-history":[{"count":7,"href":"https:\/\/mydelka.dnsite.pl\/de\/wp-json\/wp\/v2\/pages\/6061\/revisions"}],"predecessor-version":[{"id":6188,"href":"https:\/\/mydelka.dnsite.pl\/de\/wp-json\/wp\/v2\/pages\/6061\/revisions\/6188"}],"wp:attachment":[{"href":"https:\/\/mydelka.dnsite.pl\/de\/wp-json\/wp\/v2\/media?parent=6061"}],"curies":[{"name":"wp","href":"https:\/\/api.w.org\/{rel}","templated":true}]}}